{"id":604,"date":"2020-04-07T16:15:55","date_gmt":"2020-04-07T14:15:55","guid":{"rendered":"https:\/\/saptel.pl\/?page_id=604"},"modified":"2023-01-29T17:20:12","modified_gmt":"2023-01-29T16:20:12","slug":"centrale-telefoniczne","status":"publish","type":"page","link":"https:\/\/saptel.pl\/index.php\/centrale-telefoniczne\/","title":{"rendered":"Centrale Telefoniczne"},"content":{"rendered":"\n<div class=\"wp-block-columns is-layout-flex wp-container-core-columns-is-layout-1 wp-block-columns-is-layout-flex\">\n<div class=\"wp-block-column is-layout-flow wp-block-column-is-layout-flow\" style=\"flex-basis:66.66%\">\n<p><span style=\"font-size: 14px; font-family: verdana, geneva, sans-serif;\">Pierwsza centrala telefoniczna zosta\u0142a skonstruowana przez Amerykanina Almona B. Strowgera i uruchomiona w 1878 roku w New Haven. Umo\u017cliwia\u0142a ona przeprowadzenie dw\u00f3ch jednoczesnych rozm\u00f3w telefonicznych.<br>Pierwsz\u0105 w Polsce central\u0119 telefoniczn\u0105 zainstalowa\u0142a i uruchomi\u0142a 16 listopada 1904 roku przy ulicy Zielnej w Warszawie firma Larsa Magnusa Ericssona. Centrala obs\u0142ugiwa\u0142a pocz\u0105tkowo 5200 aparat\u00f3w analogowych.<br>\u00d3wczesne centrale telefoniczne pozwalaj\u0105 na integracj\u0119 sieci teletechnicznych od analogowej, poprzez cyfrow\u0105 a\u017c po rozwi\u0105zania GSM czy VoIP. Ponadto posiadaj\u0105 wiele funkcji pozwalaj\u0105cych mi\u0119dzy innymi ogranicza\u0107 koszty poprzez automatyczne trasowanie dr\u00f3g po\u0142\u0105cze\u0144 wychodz\u0105cych oraz restrykcj\u0119 abonent\u00f3w dla poszczeg\u00f3lnych grup kierunk\u00f3w. Pozwalaj\u0105 na rejestracj\u0119 tre\u015bci rozmowy za pomoc\u0105 zewn\u0119trznych urz\u0105dze\u0144 rejestruj\u0105cych jak r\u00f3wnie\u017c wewn\u0119trznych modu\u0142\u00f3w centralowych.<\/span><\/p>\n\n\n<\/div>\n\n\n\n<div class=\"wp-block-column is-layout-flow wp-block-column-is-layout-flow\" style=\"flex-basis:33.33%\">\n<figure class=\"wp-block-image size-medium is-style-default\"><img loading=\"lazy\" decoding=\"async\" width=\"300\" height=\"289\" src=\"https:\/\/saptel.pl\/wp-content\/uploads\/2020\/03\/Gigaset-PRO-DE410-3-300x289.jpg\" alt=\"\" class=\"wp-image-530\" srcset=\"https:\/\/saptel.pl\/wp-content\/uploads\/2020\/03\/Gigaset-PRO-DE410-3-300x289.jpg 300w, https:\/\/saptel.pl\/wp-content\/uploads\/2020\/03\/Gigaset-PRO-DE410-3.jpg 381w\" sizes=\"(max-width: 300px) 100vw, 300px\" \/><\/figure>\n<\/div>\n<\/div>\n\n\n\n<p><span style=\"font-family: verdana, geneva, sans-serif; font-size: 14px;\">Nowoczesne centrale telefoniczne wsp\u00f3\u0142pracuj\u0105 r\u00f3wnie\u017c z wieloma aplikacjami takimi jak: oprogramowanie CTI, komputerowe stanowiska operatorskie, programy hotelowe, czy systemy relacji z klientami \u2013 CRM.<\/span><br><span style=\"font-family: verdana, geneva, sans-serif; font-size: 14px;\">Nasza firma posiada d\u0142ugoletni\u0105 praktyk\u0119 w instalacjach i obs\u0142udze central telefonicznych. Instalujemy i programujemy centrale wielu producent\u00f3w krajowych i zagranicznych, takich jak:&nbsp;<strong>Platan<\/strong>,&nbsp;<strong>Panasonic<\/strong>, <strong>Ericsson<\/strong>,&nbsp;<strong>Slican<\/strong>,&nbsp;<strong>SIEMENS,<\/strong>&nbsp;modernizujemy i rozbudowujemy sprz\u0119t posiadany przez klienta.<\/span><br><span style=\"font-family: verdana, geneva, sans-serif; font-size: 14px;\">Za\u0142atwiamy formalno\u015bci zwi\u0105zane z przy\u0142\u0105czeniem obiekt\u00f3w do sieci publicznej.<\/span><br><span style=\"font-family: verdana, geneva, sans-serif; font-size: 14px;\">\u015awiadczymy&nbsp;<a href=\"https:\/\/saptel.pl\/index.php\/wspolpraca-serwisowa\/\"><strong>us\u0142ugi serwisowe<\/strong><\/a>&nbsp;polegaj\u0105ce na opiece nad infrastruktur\u0105 teleinformatyczn\u0105 klient\u00f3w indywidualnych, firm i obiekt\u00f3w u\u017cyteczno\u015bci publicznej.<\/span><\/p>\n\n\n\n<p>\u00a0 \u00a0 \u00a0 \u00a0 \u00a0<\/p>\n\n\n\n<div class=\"wp-block-columns are-vertically-aligned-top is-layout-flex wp-container-core-columns-is-layout-2 wp-block-columns-is-layout-flex\">\n<div class=\"wp-block-column is-vertically-aligned-top is-layout-flow wp-block-column-is-layout-flow\" style=\"flex-basis:20%\"><div class=\"wp-block-image is-style-default\">\n<figure class=\"alignright size-large\"><img loading=\"lazy\" decoding=\"async\" width=\"111\" height=\"82\" src=\"https:\/\/saptel.pl\/wp-content\/uploads\/2020\/01\/autoryzowany_instalator.png\" alt=\"\" class=\"wp-image-520\"\/><\/figure><\/div><\/div>\n\n\n\n<div class=\"wp-block-column is-vertically-aligned-top is-layout-flow wp-block-column-is-layout-flow\" style=\"flex-basis:66.66%\">\n<h6><span style=\"font-family: verdana, geneva, sans-serif; font-size: 14px;\"><br \/>Krajowy producent central telefonicznych i serwer\u00f3w telekomunikacyjnych. Kompleksowa oferta pozwala zaspokoi\u0107 wymagania szerokiej grupy odbiorc\u00f3w pocz\u0105wszy od ma\u0142ych i \u015brednich firm, po du\u017ce przedsi\u0119biorstwa, urz\u0119dy i instytucje publiczne, s\u0142u\u017cby mundurowe i ratownicze.<\/span><\/h6>\n<\/div>\n<\/div>\n\n\n\n<div class=\"wp-block-columns is-layout-flex wp-container-core-columns-is-layout-3 wp-block-columns-is-layout-flex\">\n<div class=\"wp-block-column is-layout-flow wp-block-column-is-layout-flow\"><div class=\"wp-block-image is-style-default\">\n<figure class=\"aligncenter size-full is-resized\"><img loading=\"lazy\" decoding=\"async\" src=\"https:\/\/saptel.pl\/wp-content\/uploads\/2020\/04\/oferta_miniatury_prima_mini.jpg\" alt=\"\" class=\"wp-image-617\" width=\"130\" height=\"130\"\/><figcaption class=\"wp-element-caption\"><em><a href=\"https:\/\/www.platan.pl\/oferta\/centrale-telefoniczne\/prima-mini.html\" class=\"aioseop-link\">Prima mini centralka IP<br><\/a>do 10 u\u017cytkownik\u00f3w<\/em><\/figcaption><\/figure><\/div>\n\n<\/div>\n\n\n\n<div class=\"wp-block-column is-layout-flow wp-block-column-is-layout-flow\"><div class=\"wp-block-image is-style-default\">\n<figure class=\"aligncenter size-large\"><img loading=\"lazy\" decoding=\"async\" width=\"130\" height=\"130\" src=\"https:\/\/saptel.pl\/wp-content\/uploads\/2020\/04\/oferta_miniatury_prima_mini-2.jpg\" alt=\"\" class=\"wp-image-618\"\/><figcaption class=\"wp-element-caption\"><a href=\"https:\/\/www.platan.pl\/oferta\/centrale-telefoniczne\/prima-nano.html\" class=\"aioseop-link\">Prima nano centralka IP<br><\/a>do 12 u\u017cytkownik\u00f3w<br>do 8 telefon\u00f3w IP<\/figcaption><\/figure><\/div><\/div>\n\n\n\n<div class=\"wp-block-column is-layout-flow wp-block-column-is-layout-flow\"><div class=\"wp-block-image is-style-default\">\n<figure class=\"aligncenter size-large is-resized\"><img loading=\"lazy\" decoding=\"async\" src=\"https:\/\/saptel.pl\/wp-content\/uploads\/2020\/04\/oferta_miniatury_prima.jpg\" alt=\"\" class=\"wp-image-619\" width=\"130\" height=\"130\"\/><figcaption class=\"wp-element-caption\"><a href=\"https:\/\/www.platan.pl\/oferta\/centrale-telefoniczne\/prima.html\">Prima centralka IP<\/a><br>do 14 u\u017cytkownik\u00f3w<br>do 8 telefon\u00f3w IP<\/figcaption><\/figure><\/div><\/div>\n<\/div>\n\n\n\n<div class=\"wp-block-columns is-layout-flex wp-container-core-columns-is-layout-4 wp-block-columns-is-layout-flex\">\n<div class=\"wp-block-column is-layout-flow wp-block-column-is-layout-flow\"><div class=\"wp-block-image is-style-default\">\n<figure class=\"aligncenter size-large\"><img loading=\"lazy\" decoding=\"async\" width=\"130\" height=\"130\" src=\"https:\/\/saptel.pl\/wp-content\/uploads\/2020\/04\/oferta_miniatury_proxima.jpg\" alt=\"\" class=\"wp-image-622\"\/><figcaption class=\"wp-element-caption\"><a href=\"https:\/\/www.platan.pl\/oferta\/centrale-telefoniczne\/proxima.html\">IP&nbsp;PBX&nbsp;Server Proxima<\/a><br>do 28 u\u017cytkownik\u00f3w<br>do 200 telefon\u00f3w IP<\/figcaption><\/figure><\/div><\/div>\n\n\n\n<div class=\"wp-block-column is-layout-flow wp-block-column-is-layout-flow\"><div class=\"wp-block-image is-style-default\">\n<figure class=\"aligncenter size-large\"><img loading=\"lazy\" decoding=\"async\" width=\"130\" height=\"130\" src=\"https:\/\/saptel.pl\/wp-content\/uploads\/2020\/04\/oferta_miniatury_proxima-1.jpg\" alt=\"\" class=\"wp-image-623\"\/><figcaption class=\"wp-element-caption\"><a href=\"https:\/\/www.platan.pl\/oferta\/centrale-telefoniczne\/proxima-plus.html\">IP&nbsp;PBX&nbsp;Server Proxima plus<\/a><br>do 28 u\u017cytkownik\u00f3w<br>do 1 000 telefon\u00f3w IP<\/figcaption><\/figure><\/div><\/div>\n\n\n\n<div class=\"wp-block-column is-layout-flow wp-block-column-is-layout-flow\"><div class=\"wp-block-image is-style-default\">\n<figure class=\"aligncenter size-large\"><img loading=\"lazy\" decoding=\"async\" width=\"130\" height=\"130\" src=\"https:\/\/saptel.pl\/wp-content\/uploads\/2020\/04\/oferta_miniatury_libra_std.jpg\" alt=\"\" class=\"wp-image-624\"\/><figcaption class=\"wp-element-caption\"><a href=\"https:\/\/www.platan.pl\/oferta\/centrale-telefoniczne\/libra.html\" class=\"aioseop-link\">PBX&nbsp;Server Libra STD<br><\/a>do powieszenia<br>na \u015bcianie<\/figcaption><\/figure><\/div><\/div>\n<\/div>\n\n\n\n<div class=\"wp-block-columns is-layout-flex wp-container-core-columns-is-layout-5 wp-block-columns-is-layout-flex\">\n<div class=\"wp-block-column is-layout-flow wp-block-column-is-layout-flow\"><div class=\"wp-block-image is-style-default\">\n<figure class=\"aligncenter size-large\"><img loading=\"lazy\" decoding=\"async\" width=\"130\" height=\"130\" src=\"https:\/\/saptel.pl\/wp-content\/uploads\/2020\/04\/oferta_miniatury_libra_1.jpg\" alt=\"\" class=\"wp-image-625\"\/><figcaption class=\"wp-element-caption\"><a href=\"https:\/\/www.platan.pl\/oferta\/centrale-telefoniczne\/libra.html\">PBX&nbsp;Server Libra<\/a><br>1 jednostka<br>do 120 u\u017cytkownik\u00f3w<br>do 200 telefon\u00f3w IP<\/figcaption><\/figure><\/div>\n\n<\/div>\n\n\n\n<div class=\"wp-block-column is-layout-flow wp-block-column-is-layout-flow\"><div class=\"wp-block-image is-style-default\">\n<figure class=\"aligncenter size-large\"><img loading=\"lazy\" decoding=\"async\" width=\"130\" height=\"130\" src=\"https:\/\/saptel.pl\/wp-content\/uploads\/2020\/04\/oferta_miniatury_libra_6.jpg\" alt=\"\" class=\"wp-image-626\"\/><figcaption class=\"wp-element-caption\">&nbsp;<a href=\"https:\/\/www.platan.pl\/oferta\/centrale-telefoniczne\/libra.html\">PBX&nbsp;Server Libra<\/a><br>2-6 jednostek<br>do 720 u\u017cytkownik\u00f3w<br>do 1 000 telefon\u00f3w IP<\/figcaption><\/figure><\/div>\n\n<\/div>\n<\/div>\n\n\n\n<div class=\"wp-block-columns is-layout-flex wp-container-core-columns-is-layout-6 wp-block-columns-is-layout-flex\">\n<div class=\"wp-block-column is-vertically-aligned-center is-layout-flow wp-block-column-is-layout-flow\" style=\"flex-basis:8%\">\n<figure class=\"wp-block-gallery alignright has-nested-images columns-default is-cropped wp-block-gallery-1 is-layout-flex wp-block-gallery-is-layout-flex\">\n<figure class=\"wp-block-image size-full is-style-default\"><img decoding=\"async\" src=\"https:\/\/saptel.pl\/wp-content\/uploads\/2023\/01\/znaczkek_serwis.gif\" alt=\"\" class=\"wp-image-872\"\/><\/figure>\n<\/figure>\n\n\n<\/div>\n\n\n\n<div class=\"wp-block-column is-layout-flow wp-block-column-is-layout-flow\" style=\"flex-basis:66.66%\">\n<h6 style=\"text-align: left;\"><span style=\"font-size: 14px; font-family: verdana, geneva, sans-serif;\">Krajowy producent serwer\u00f3w telekomunikacyjnych \u2013 oferuj\u0105cy rozwi\u0105zania zar\u00f3wno dla wielkich korporacji jak i dla ma\u0142ych firm rodzinnych, gwarantuj\u0105c ka\u017cdemu u\u017cytkownikowi systemu, najwy\u017cszej jako\u015bci produkt. Systemy Slican wyposa\u017cone s\u0105 w nowoczesn\u0105 platform\u0119 IT wspieraj\u0105c zar\u00f3wno prac\u0119 administratora jak i u\u017cytkownika telefonu.<\/span><\/h6>\n<\/div>\n<\/div>\n\n\n\n<div class=\"wp-block-columns is-layout-flex wp-container-core-columns-is-layout-7 wp-block-columns-is-layout-flex\">\n<div class=\"wp-block-column is-layout-flow wp-block-column-is-layout-flow\">\n<figure class=\"wp-block-image size-large is-resized is-style-default\"><img loading=\"lazy\" decoding=\"async\" src=\"https:\/\/saptel.pl\/wp-content\/uploads\/2020\/04\/ITS_front_miniatura_130-1.jpg\" alt=\"\" class=\"wp-image-688\" width=\"95\" height=\"138\"\/><figcaption class=\"wp-element-caption\">    ITS<\/figcaption><\/figure>\n<\/div>\n\n\n\n<div class=\"wp-block-column is-layout-flow wp-block-column-is-layout-flow\">\n<figure class=\"wp-block-image size-large is-style-default\"><img loading=\"lazy\" decoding=\"async\" width=\"130\" height=\"138\" src=\"https:\/\/saptel.pl\/wp-content\/uploads\/2020\/04\/IP_08_miniatura-130-1.jpg\" alt=\"\" class=\"wp-image-689\"\/><figcaption class=\"wp-element-caption\">IPS 08<\/figcaption><\/figure>\n<\/div>\n\n\n\n<div class=\"wp-block-column is-layout-flow wp-block-column-is-layout-flow\"><div class=\"wp-block-image is-style-default\">\n<figure class=\"aligncenter size-large\"><img loading=\"lazy\" decoding=\"async\" width=\"273\" height=\"150\" src=\"https:\/\/saptel.pl\/wp-content\/uploads\/2020\/04\/Obrazek2-4.jpg\" alt=\"\" class=\"wp-image-695\"\/><figcaption class=\"wp-element-caption\">IPU-14<\/figcaption><\/figure><\/div><\/div>\n<\/div>\n\n\n\n<div class=\"wp-block-columns is-layout-flex wp-container-core-columns-is-layout-8 wp-block-columns-is-layout-flex\">\n<div class=\"wp-block-column is-layout-flow wp-block-column-is-layout-flow\"><div class=\"wp-block-image\">\n<figure class=\"alignleft size-large\"><img loading=\"lazy\" decoding=\"async\" width=\"197\" height=\"160\" src=\"https:\/\/saptel.pl\/wp-content\/uploads\/2020\/04\/IPM_32-2.jpg\" alt=\"\" class=\"wp-image-703\"\/><figcaption class=\"wp-element-caption\">IPM-32<\/figcaption><\/figure><\/div><\/div>\n\n\n\n<div class=\"wp-block-column is-layout-flow wp-block-column-is-layout-flow\"><div class=\"wp-block-image\">\n<figure class=\"alignleft size-large\"><img loading=\"lazy\" decoding=\"async\" width=\"182\" height=\"160\" src=\"https:\/\/saptel.pl\/wp-content\/uploads\/2020\/04\/IPL_256_x2_2-2.jpg\" alt=\"\" class=\"wp-image-704\"\/><figcaption class=\"wp-element-caption\">IPL-256<\/figcaption><\/figure><\/div>\n\n<\/div>\n\n\n\n<div class=\"wp-block-column is-layout-flow wp-block-column-is-layout-flow\"><div class=\"wp-block-image\">\n<figure class=\"aligncenter size-large\"><img loading=\"lazy\" decoding=\"async\" width=\"222\" height=\"150\" src=\"https:\/\/saptel.pl\/wp-content\/uploads\/2020\/04\/NCP-2.png\" alt=\"\" class=\"wp-image-705\"\/><figcaption class=\"wp-element-caption\">NCP<\/figcaption><\/figure><\/div><\/div>\n<\/div>\n\n\n\n<div class=\"wp-block-columns is-layout-flex wp-container-core-columns-is-layout-9 wp-block-columns-is-layout-flex\">\n<div class=\"wp-block-column is-vertically-aligned-center is-layout-flow wp-block-column-is-layout-flow\" style=\"flex-basis:20%\"><div class=\"wp-block-image\">\n<figure class=\"alignright size-large is-resized\"><img loading=\"lazy\" decoding=\"async\" src=\"https:\/\/saptel.pl\/wp-content\/uploads\/2020\/04\/unify.png\" alt=\"\" class=\"wp-image-706\" width=\"124\" height=\"30\" srcset=\"https:\/\/saptel.pl\/wp-content\/uploads\/2020\/04\/unify.png 727w, https:\/\/saptel.pl\/wp-content\/uploads\/2020\/04\/unify-300x72.png 300w, https:\/\/saptel.pl\/wp-content\/uploads\/2020\/04\/unify-570x143.png 570w, https:\/\/saptel.pl\/wp-content\/uploads\/2020\/04\/unify-380x95.png 380w, https:\/\/saptel.pl\/wp-content\/uploads\/2020\/04\/unify-285x72.png 285w\" sizes=\"(max-width: 124px) 100vw, 124px\" \/><\/figure><\/div><\/div>\n\n\n\n<div class=\"wp-block-column is-layout-flow wp-block-column-is-layout-flow\" style=\"flex-basis:66.66%\">\n<h6><span style=\"font-family: verdana, geneva, sans-serif; font-size: 14px;\"><strong>SIEMENS<\/strong>&nbsp;obecnie UNIFY \u2013 nowoczesne centrale i serwery telekomunikacyjne, mog\u0105 zaspokoi\u0107 potrzeby ka\u017cdego klienta, pozwalaj\u0105 wykorzysta\u0107 najnowocze\u015bniejsze rozwi\u0105zania systemowe transmisji g\u0142osu i danych tak\u017ce z wykorzystaniem transmisji w sieciach IP.<\/span><\/h6>\n<\/div>\n<\/div>\n\n\n\n\n\n<p style=\"text-align: center;\"><img loading=\"lazy\" decoding=\"async\" class=\"alignnone size-full wp-image-709\" src=\"https:\/\/saptel.pl\/wp-content\/uploads\/2020\/04\/Hipath-3000.jpg\" alt=\"\" width=\"500\" height=\"259\" srcset=\"https:\/\/saptel.pl\/wp-content\/uploads\/2020\/04\/Hipath-3000.jpg 500w, https:\/\/saptel.pl\/wp-content\/uploads\/2020\/04\/Hipath-3000-300x155.jpg 300w\" sizes=\"(max-width: 500px) 100vw, 500px\" \/><\/p>\n\n\n\n<div class=\"wp-block-columns is-layout-flex wp-container-core-columns-is-layout-10 wp-block-columns-is-layout-flex\">\n<div class=\"wp-block-column is-layout-flow wp-block-column-is-layout-flow\" style=\"flex-basis:20%\"><div class=\"wp-block-image\">\n<figure class=\"alignright size-large is-resized\"><img loading=\"lazy\" decoding=\"async\" src=\"https:\/\/saptel.pl\/wp-content\/uploads\/2020\/04\/Panasonic.jpg\" alt=\"\" class=\"wp-image-712\" width=\"158\" height=\"105\" srcset=\"https:\/\/saptel.pl\/wp-content\/uploads\/2020\/04\/Panasonic.jpg 512w, https:\/\/saptel.pl\/wp-content\/uploads\/2020\/04\/Panasonic-300x200.jpg 300w, https:\/\/saptel.pl\/wp-content\/uploads\/2020\/04\/Panasonic-380x254.jpg 380w, https:\/\/saptel.pl\/wp-content\/uploads\/2020\/04\/Panasonic-285x190.jpg 285w\" sizes=\"(max-width: 158px) 100vw, 158px\" \/><\/figure><\/div><\/div>\n\n\n\n<div class=\"wp-block-column is-vertically-aligned-center is-layout-flow wp-block-column-is-layout-flow\" style=\"flex-basis:66.66%\">\n<h6><span style=\"font-family: verdana, geneva, sans-serif; font-size: 14px;\"><strong>Panasonic<\/strong>&nbsp;\u2013 popularne na polskim rynku centrale telefoniczne dla firm ceni\u0105cych sobie wysoki komfort pracy oraz umiarkowan\u0105 cen\u0119.<\/span><\/h6>\n<\/div>\n<\/div>\n\n\n\n<p style=\"text-align: center;\"><img loading=\"lazy\" decoding=\"async\" class=\"alignnone size-full wp-image-713\" src=\"https:\/\/saptel.pl\/wp-content\/uploads\/2020\/04\/panasonic-1.png\" alt=\"\" width=\"506\" height=\"419\" srcset=\"https:\/\/saptel.pl\/wp-content\/uploads\/2020\/04\/panasonic-1.png 506w, https:\/\/saptel.pl\/wp-content\/uploads\/2020\/04\/panasonic-1-300x248.png 300w\" sizes=\"(max-width: 506px) 100vw, 506px\" \/><\/p>\n\n\n\n<div class=\"wp-block-columns is-layout-flex wp-container-core-columns-is-layout-11 wp-block-columns-is-layout-flex\">\n<div class=\"wp-block-column is-vertically-aligned-center is-layout-flow wp-block-column-is-layout-flow\" style=\"flex-basis:20%\"><div class=\"wp-block-image\">\n<figure class=\"alignright size-large is-resized\"><img loading=\"lazy\" decoding=\"async\" src=\"https:\/\/saptel.pl\/wp-content\/uploads\/2020\/04\/aastra-logo.png\" alt=\"\" class=\"wp-image-714\" width=\"134\" height=\"23\" srcset=\"https:\/\/saptel.pl\/wp-content\/uploads\/2020\/04\/aastra-logo.png 1000w, https:\/\/saptel.pl\/wp-content\/uploads\/2020\/04\/aastra-logo-300x53.png 300w, https:\/\/saptel.pl\/wp-content\/uploads\/2020\/04\/aastra-logo-768x137.png 768w\" sizes=\"(max-width: 134px) 100vw, 134px\" \/><\/figure><\/div><\/div>\n\n\n\n<div class=\"wp-block-column is-layout-flow wp-block-column-is-layout-flow\" style=\"flex-basis:66.66%\">\n<h6><span style=\"font-family: verdana, geneva, sans-serif; font-size: 14px;\"><strong><span class=\"styl15 styl16\">Ericsson<\/span><\/strong>&nbsp;\u2013 obecnie AASTRA producent system\u00f3w teleinformatycznych, charakteryzuj\u0105cy si\u0119 wysokim wykonaniem, du\u017cymi mo\u017cliwo\u015bciami technicznymi i niezawodno\u015bci\u0105. Systemy przeznaczone dla \u015brednich i du\u017cych firm oraz klient\u00f3w o wysokich wymaganiach.<\/span><\/h6>\n<\/div>\n<\/div>\n\n\n\n\n\n<p style=\"text-align: center;\"><img loading=\"lazy\" decoding=\"async\" class=\"alignnone size-full wp-image-715\" src=\"https:\/\/saptel.pl\/wp-content\/uploads\/2020\/04\/BusinessPhone.jpg\" alt=\"\" width=\"350\" height=\"270\" srcset=\"https:\/\/saptel.pl\/wp-content\/uploads\/2020\/04\/BusinessPhone.jpg 350w, https:\/\/saptel.pl\/wp-content\/uploads\/2020\/04\/BusinessPhone-300x231.jpg 300w\" sizes=\"(max-width: 350px) 100vw, 350px\" \/><\/p>\n\n\n\n<p>&nbsp;<\/p>\n<p>&nbsp;<\/p>\n\n\n\n<p><span style=\"font-family: verdana, geneva, sans-serif; font-size: 14px;\">Jeste\u015bmy partnerem handlowym firmy\u00a0<strong>FCN<\/strong>, jednego z wiod\u0105cych us\u0142ugodawc\u00f3w telefonii internetowej w Polsce.<\/span><br \/><span style=\"font-family: verdana, geneva, sans-serif; font-size: 14px;\">Swoj\u0105 popularno\u015b\u0107 zawdzi\u0119cza unikatowym w skali \u015bwiatowej cechom platformy VoIP poniewa\u017c oferuje darmowe rozmowy pomi\u0119dzy wszystkimi zarejestrowanymi na platformie numerami telefon\u00f3w, bez znaczenia na przynale\u017cno\u015b\u0107 numeru do operatora oraz w jakich krajach mieszkaj\u0105 ich u\u017cytkownicy. Na numery niezarejestrowane mo\u017cna dzwoni\u0107 po najni\u017cszych cenach na rynku.<\/span><\/p>\n<p><strong><span style=\"font-size: 20px; font-family: verdana, geneva, sans-serif;\">Cennik us\u0142ug VoIP\u00a0<\/span><span style=\"font-size: 14px; font-family: verdana, geneva, sans-serif;\"> <img loading=\"lazy\" decoding=\"async\" class=\"alignnone  wp-image-857\" src=\"https:\/\/saptel.pl\/wp-content\/uploads\/2022\/04\/logo_foneo_110x32.jpg\" alt=\"\" width=\"84\" height=\"25\" \/><\/span><\/strong><\/p>\n<p><a href=\"https:\/\/www.foneo.net\/wp-content\/uploads\/2021\/09\/cennik_FONEO-taryfa-Biznes-III-i-Twoja-Sofa-1X2021.pdf\"><img loading=\"lazy\" decoding=\"async\" class=\"alignnone wp-image-859 size-full\" src=\"https:\/\/saptel.pl\/wp-content\/uploads\/2022\/04\/pdf50x50.png\" alt=\"\" width=\"50\" height=\"50\" \/><\/a><\/p>\n","protected":false},"excerpt":{"rendered":"<p>Pierwsza centrala telefoniczna zosta\u0142a skonstruowana przez Amerykanina Almona B. Strowgera i uruchomiona w 1878 roku w New Haven. Umo\u017cliwia\u0142a ona przeprowadzenie dw\u00f3ch jednoczesnych rozm\u00f3w telefonicznych.Pierwsz\u0105 w Polsce central\u0119 telefoniczn\u0105 zainstalowa\u0142a i uruchomi\u0142a 16 listopada 1904 roku przy ulicy Zielnej w Warszawie firma Larsa Magnusa Ericssona. Centrala obs\u0142ugiwa\u0142a pocz\u0105tkowo 5200 aparat\u00f3w analogowych.\u00d3wczesne centrale telefoniczne pozwalaj\u0105 na [&hellip;]<\/p>\n","protected":false},"author":1,"featured_media":0,"parent":0,"menu_order":0,"comment_status":"closed","ping_status":"closed","template":"","meta":{"footnotes":""},"categories":[],"tags":[],"aioseo_notices":[],"_links":{"self":[{"href":"https:\/\/saptel.pl\/index.php\/wp-json\/wp\/v2\/pages\/604"}],"collection":[{"href":"https:\/\/saptel.pl\/index.php\/wp-json\/wp\/v2\/pages"}],"about":[{"href":"https:\/\/saptel.pl\/index.php\/wp-json\/wp\/v2\/types\/page"}],"author":[{"embeddable":true,"href":"https:\/\/saptel.pl\/index.php\/wp-json\/wp\/v2\/users\/1"}],"replies":[{"embeddable":true,"href":"https:\/\/saptel.pl\/index.php\/wp-json\/wp\/v2\/comments?post=604"}],"version-history":[{"count":57,"href":"https:\/\/saptel.pl\/index.php\/wp-json\/wp\/v2\/pages\/604\/revisions"}],"predecessor-version":[{"id":886,"href":"https:\/\/saptel.pl\/index.php\/wp-json\/wp\/v2\/pages\/604\/revisions\/886"}],"wp:attachment":[{"href":"https:\/\/saptel.pl\/index.php\/wp-json\/wp\/v2\/media?parent=604"}],"wp:term":[{"taxonomy":"category","embeddable":true,"href":"https:\/\/saptel.pl\/index.php\/wp-json\/wp\/v2\/categories?post=604"},{"taxonomy":"post_tag","embeddable":true,"href":"https:\/\/saptel.pl\/index.php\/wp-json\/wp\/v2\/tags?post=604"}],"curies":[{"name":"wp","href":"https:\/\/api.w.org\/{rel}","templated":true}]}}