{"id":435,"date":"2018-08-05T09:20:25","date_gmt":"2018-08-05T07:20:25","guid":{"rendered":"http:\/\/saptel.eu\/?page_id=435"},"modified":"2020-03-24T12:23:59","modified_gmt":"2020-03-24T11:23:59","slug":"swiatlowody","status":"publish","type":"page","link":"https:\/\/saptel.pl\/index.php\/swiatlowody\/","title":{"rendered":"\u015awiat\u0142owody"},"content":{"rendered":"<p><span style=\"font-family: verdana, geneva, sans-serif; font-size: 14px;\">Realizujemy us\u0142ugi kompleksowego wykonania sieci \u015bwiat\u0142owodowych oraz ich modernizacje. Oferujemy spawanie \u015bwiat\u0142owod\u00f3w jedno i wielomodowych. R\u00f3wnocze\u015bnie oferujemy pomiary tor\u00f3w transmisyjnych reflektometrem optycznym. Zapewniamy profesjonaln\u0105 instalacj\u0119 sieci teleinformatycznych wraz z pe\u0142n\u0105\u00a0 integracj\u0105 z sieciami telekomunikacyjnymi. Opr\u00f3cz oferty wykonania nowych instalacji, dokonujemy adaptacji i modernizacji istniej\u0105cych sieci \u015bwiat\u0142owodowych.<\/span><\/p>\n<p><img loading=\"lazy\" decoding=\"async\" class=\"size-full wp-image-440\" src=\"http:\/\/saptel.eu\/wp-content\/uploads\/2018\/08\/\u015awiat\u0142owody2.jpg\" alt=\"\" width=\"548\" height=\"365\" srcset=\"https:\/\/saptel.pl\/wp-content\/uploads\/2018\/08\/\u015awiat\u0142owody2.jpg 548w, https:\/\/saptel.pl\/wp-content\/uploads\/2018\/08\/\u015awiat\u0142owody2-300x200.jpg 300w, https:\/\/saptel.pl\/wp-content\/uploads\/2018\/08\/\u015awiat\u0142owody2-480x320.jpg 480w, https:\/\/saptel.pl\/wp-content\/uploads\/2018\/08\/\u015awiat\u0142owody2-320x213.jpg 320w, https:\/\/saptel.pl\/wp-content\/uploads\/2018\/08\/\u015awiat\u0142owody2-240x160.jpg 240w\" sizes=\"(max-width: 548px) 100vw, 548px\" \/><\/p>\n\n\n<p><span style=\"font-size: 20px; font-family: verdana, geneva, sans-serif;\"><strong>Pomiary \u015awiat\u0142owod\u00f3w<\/strong><\/span><\/p>\n<p><span style=\"font-family: verdana, geneva, sans-serif; font-size: 14px;\">Wykonujemy pomiary \u015bwiat\u0142owod\u00f3w podczas spawania w\u0142\u00f3kien oraz mierzymy\u00a0 istniej\u0105ce sieci \u015bwiat\u0142owodowe. W przypadku stwierdzenia awarii podczas pomiaru oferujemy spawanie uszkodzonego \u015bwiat\u0142owodu. Pomiary OTDR przesy\u0142amy w formie elektronicznej tj. pliki \u017ar\u00f3d\u0142owe *.sor i *.pdf.<\/span><\/p>\n<p><img loading=\"lazy\" decoding=\"async\" class=\"size-full wp-image-581 aligncenter\" src=\"http:\/\/saptel.pl\/wp-content\/uploads\/2020\/03\/Reflektometr.jpg\" alt=\"\" width=\"499\" height=\"500\" srcset=\"https:\/\/saptel.pl\/wp-content\/uploads\/2020\/03\/Reflektometr.jpg 499w, https:\/\/saptel.pl\/wp-content\/uploads\/2020\/03\/Reflektometr-300x300.jpg 300w, https:\/\/saptel.pl\/wp-content\/uploads\/2020\/03\/Reflektometr-150x150.jpg 150w, https:\/\/saptel.pl\/wp-content\/uploads\/2020\/03\/Reflektometr-380x380.jpg 380w, https:\/\/saptel.pl\/wp-content\/uploads\/2020\/03\/Reflektometr-285x285.jpg 285w\" sizes=\"(max-width: 499px) 100vw, 499px\" \/><\/p>\n","protected":false},"excerpt":{"rendered":"<p>Realizujemy us\u0142ugi kompleksowego wykonania sieci \u015bwiat\u0142owodowych oraz ich modernizacje. Oferujemy spawanie \u015bwiat\u0142owod\u00f3w jedno i wielomodowych. R\u00f3wnocze\u015bnie oferujemy pomiary tor\u00f3w transmisyjnych reflektometrem optycznym. Zapewniamy profesjonaln\u0105 instalacj\u0119 sieci teleinformatycznych wraz z pe\u0142n\u0105\u00a0 integracj\u0105 z sieciami telekomunikacyjnymi. Opr\u00f3cz oferty wykonania nowych instalacji, dokonujemy adaptacji i modernizacji istniej\u0105cych sieci \u015bwiat\u0142owodowych. Pomiary \u015awiat\u0142owod\u00f3w Wykonujemy pomiary \u015bwiat\u0142owod\u00f3w podczas spawania w\u0142\u00f3kien oraz [&hellip;]<\/p>\n","protected":false},"author":1,"featured_media":437,"parent":0,"menu_order":0,"comment_status":"closed","ping_status":"closed","template":"","meta":{"footnotes":""},"categories":[],"tags":[],"aioseo_notices":[],"_links":{"self":[{"href":"https:\/\/saptel.pl\/index.php\/wp-json\/wp\/v2\/pages\/435"}],"collection":[{"href":"https:\/\/saptel.pl\/index.php\/wp-json\/wp\/v2\/pages"}],"about":[{"href":"https:\/\/saptel.pl\/index.php\/wp-json\/wp\/v2\/types\/page"}],"author":[{"embeddable":true,"href":"https:\/\/saptel.pl\/index.php\/wp-json\/wp\/v2\/users\/1"}],"replies":[{"embeddable":true,"href":"https:\/\/saptel.pl\/index.php\/wp-json\/wp\/v2\/comments?post=435"}],"version-history":[{"count":5,"href":"https:\/\/saptel.pl\/index.php\/wp-json\/wp\/v2\/pages\/435\/revisions"}],"predecessor-version":[{"id":582,"href":"https:\/\/saptel.pl\/index.php\/wp-json\/wp\/v2\/pages\/435\/revisions\/582"}],"wp:featuredmedia":[{"embeddable":true,"href":"https:\/\/saptel.pl\/index.php\/wp-json\/wp\/v2\/media\/437"}],"wp:attachment":[{"href":"https:\/\/saptel.pl\/index.php\/wp-json\/wp\/v2\/media?parent=435"}],"wp:term":[{"taxonomy":"category","embeddable":true,"href":"https:\/\/saptel.pl\/index.php\/wp-json\/wp\/v2\/categories?post=435"},{"taxonomy":"post_tag","embeddable":true,"href":"https:\/\/saptel.pl\/index.php\/wp-json\/wp\/v2\/tags?post=435"}],"curies":[{"name":"wp","href":"https:\/\/api.w.org\/{rel}","templated":true}]}}