{"id":340,"date":"2017-05-12T23:00:02","date_gmt":"2017-05-12T21:00:02","guid":{"rendered":"http:\/\/saptel.eu\/?page_id=340"},"modified":"2021-03-28T11:29:37","modified_gmt":"2021-03-28T09:29:37","slug":"automatyka-budynkowa","status":"publish","type":"page","link":"https:\/\/saptel.pl\/index.php\/automatyka-budynkowa\/","title":{"rendered":"Automatyka Budynkowa"},"content":{"rendered":"<p><span style=\"font-family: verdana, geneva, sans-serif; font-size: 14px;\">Dotychczas u\u017cytkowane instalacje elektryczne steruj\u0105ce o\u015bwietleniem, ogrzewaniem czy te\u017c roletami dzia\u0142aj\u0105 niezale\u017cnie i samodzielnie.\u00a0Wszystkie instalacje powinny by\u0107 zintegrowane i dzia\u0142a\u0107 razem &#8211; wsp\u00f3\u0142pracowa\u0107 i komunikowa\u0107 si\u0119 ze sob\u0105 lepiej s\u0142u\u017cy\u0107 Twoim potrzebom. Powinny zwi\u0119ksza\u0107 komfort i bezpiecze\u0144stwo, oszcz\u0119dza\u0107 energi\u0119 oraz umo\u017cliwia\u0107 rozbudow\u0119 i dokonywanie zmian w miar\u0119 zmieniaj\u0105cych si\u0119 potrzeb u\u017cytkownika. Dlatego celem instalacji inteligentnych jest integracja instalacji, urz\u0105dze\u0144 elektrycznych i elektronicznych: o\u015bwietlenia, system\u00f3w alarmowych, urz\u0105dze\u0144 audio\/video, sieci komputerowych, telefonu czy klimatyzacji. Sterowa\u0107 tym wszystkim mo\u017cna za pomoc\u0105 klawiatury, pilota lub nawet w\u0142asnego g\u0142osu. Wszystkie czynno\u015bci mo\u017cna\u00a0kontrolowa\u0107 za pomoc\u0105 ekranu telewizora, czy smartfona z ka\u017cdego miejsca: pokoju, biura czy samochodu.<\/span><\/p>\n<p><img loading=\"lazy\" decoding=\"async\" class=\"alignnone wp-image-341 size-full\" src=\"https:\/\/saptel.pl\/wp-content\/uploads\/2017\/05\/automatyka-budynkowa-1.jpg\" alt=\"\" width=\"1300\" height=\"975\" srcset=\"https:\/\/saptel.pl\/wp-content\/uploads\/2017\/05\/automatyka-budynkowa-1.jpg 1300w, https:\/\/saptel.pl\/wp-content\/uploads\/2017\/05\/automatyka-budynkowa-1-300x225.jpg 300w, https:\/\/saptel.pl\/wp-content\/uploads\/2017\/05\/automatyka-budynkowa-1-768x576.jpg 768w, https:\/\/saptel.pl\/wp-content\/uploads\/2017\/05\/automatyka-budynkowa-1-1024x768.jpg 1024w, https:\/\/saptel.pl\/wp-content\/uploads\/2017\/05\/automatyka-budynkowa-1-960x720.jpg 960w, https:\/\/saptel.pl\/wp-content\/uploads\/2017\/05\/automatyka-budynkowa-1-480x360.jpg 480w, https:\/\/saptel.pl\/wp-content\/uploads\/2017\/05\/automatyka-budynkowa-1-320x240.jpg 320w, https:\/\/saptel.pl\/wp-content\/uploads\/2017\/05\/automatyka-budynkowa-1-240x180.jpg 240w\" sizes=\"(max-width: 1300px) 100vw, 1300px\" \/><\/p>\n","protected":false},"excerpt":{"rendered":"<p>Dotychczas u\u017cytkowane instalacje elektryczne steruj\u0105ce o\u015bwietleniem, ogrzewaniem czy te\u017c roletami dzia\u0142aj\u0105 niezale\u017cnie i samodzielnie.\u00a0Wszystkie instalacje powinny by\u0107 zintegrowane i dzia\u0142a\u0107 razem &#8211; wsp\u00f3\u0142pracowa\u0107 i komunikowa\u0107 si\u0119 ze sob\u0105 lepiej s\u0142u\u017cy\u0107 Twoim potrzebom. Powinny zwi\u0119ksza\u0107 komfort i bezpiecze\u0144stwo, oszcz\u0119dza\u0107 energi\u0119 oraz umo\u017cliwia\u0107 rozbudow\u0119 i dokonywanie zmian w miar\u0119 zmieniaj\u0105cych si\u0119 potrzeb u\u017cytkownika. Dlatego celem instalacji inteligentnych [&hellip;]<\/p>\n","protected":false},"author":1,"featured_media":0,"parent":0,"menu_order":0,"comment_status":"closed","ping_status":"closed","template":"","meta":{"footnotes":""},"categories":[],"tags":[],"aioseo_notices":[],"_links":{"self":[{"href":"https:\/\/saptel.pl\/index.php\/wp-json\/wp\/v2\/pages\/340"}],"collection":[{"href":"https:\/\/saptel.pl\/index.php\/wp-json\/wp\/v2\/pages"}],"about":[{"href":"https:\/\/saptel.pl\/index.php\/wp-json\/wp\/v2\/types\/page"}],"author":[{"embeddable":true,"href":"https:\/\/saptel.pl\/index.php\/wp-json\/wp\/v2\/users\/1"}],"replies":[{"embeddable":true,"href":"https:\/\/saptel.pl\/index.php\/wp-json\/wp\/v2\/comments?post=340"}],"version-history":[{"count":7,"href":"https:\/\/saptel.pl\/index.php\/wp-json\/wp\/v2\/pages\/340\/revisions"}],"predecessor-version":[{"id":844,"href":"https:\/\/saptel.pl\/index.php\/wp-json\/wp\/v2\/pages\/340\/revisions\/844"}],"wp:attachment":[{"href":"https:\/\/saptel.pl\/index.php\/wp-json\/wp\/v2\/media?parent=340"}],"wp:term":[{"taxonomy":"category","embeddable":true,"href":"https:\/\/saptel.pl\/index.php\/wp-json\/wp\/v2\/categories?post=340"},{"taxonomy":"post_tag","embeddable":true,"href":"https:\/\/saptel.pl\/index.php\/wp-json\/wp\/v2\/tags?post=340"}],"curies":[{"name":"wp","href":"https:\/\/api.w.org\/{rel}","templated":true}]}}