{"id":283,"date":"2016-09-29T23:23:26","date_gmt":"2016-09-29T21:23:26","guid":{"rendered":"http:\/\/saptel.eu\/?page_id=283"},"modified":"2018-02-10T12:43:01","modified_gmt":"2018-02-10T11:43:01","slug":"instalacje-elektryzne","status":"publish","type":"page","link":"https:\/\/saptel.pl\/index.php\/instalacje-elektryzne\/","title":{"rendered":"Instalacje Elektryzne"},"content":{"rendered":"<p><img loading=\"lazy\" decoding=\"async\" class=\"alignnone wp-image-394 size-large\" src=\"http:\/\/saptel.eu\/wp-content\/uploads\/2016\/09\/IMAG0801-1024x574.jpg\" alt=\"\" width=\"960\" height=\"538\" srcset=\"https:\/\/saptel.pl\/wp-content\/uploads\/2016\/09\/IMAG0801-1024x574.jpg 1024w, https:\/\/saptel.pl\/wp-content\/uploads\/2016\/09\/IMAG0801-300x168.jpg 300w, https:\/\/saptel.pl\/wp-content\/uploads\/2016\/09\/IMAG0801-768x431.jpg 768w\" sizes=\"(max-width: 960px) 100vw, 960px\" \/><\/p>\n<p><span style=\"font-family: verdana, geneva, sans-serif; font-size: 14px;\">Instalacja elektryczna jest nieodzownym elementem ka\u017cdego budynku, jest cz\u0119\u015bci\u0105 uk\u0142adu niskiego napi\u0119cia. Stanowi uk\u0142ad przewod\u00f3w rozprowadzonych po ca\u0142ym obiekcie wraz z towarzysz\u0105cym osprz\u0119tem elektroinstalacyjnym. Niezawodna i efektywna energetycznie instalacja jest konieczna by zapewni\u0107 sta\u0142e zasilanie budynku.\u00a0<\/span><span style=\"font-family: verdana, geneva, sans-serif; font-size: 14px;\">Wykonujemy us\u0142ugi elektryczne kompleksowo od projekt\u00f3w i doradztwa poprzez realizacj\u0119 oraz pe\u0142n\u0105 obs\u0142ug\u0119 instalacji elektroenergetycznych obiektu.\u00a0Zapewniamy kompleksow\u0105 obs\u0142ug\u0119 techniczn\u0105 instalacji i urz\u0105dze\u0144. Zakres us\u0142ug dostosowujemy do oczekiwa\u0144 klienta oraz kondycji i standardu nieruchomo\u015bci.<\/span><\/p>\n<p>&nbsp;<\/p>\n","protected":false},"excerpt":{"rendered":"<p>Instalacja elektryczna jest nieodzownym elementem ka\u017cdego budynku, jest cz\u0119\u015bci\u0105 uk\u0142adu niskiego napi\u0119cia. Stanowi uk\u0142ad przewod\u00f3w rozprowadzonych po ca\u0142ym obiekcie wraz z towarzysz\u0105cym osprz\u0119tem elektroinstalacyjnym. Niezawodna i efektywna energetycznie instalacja jest konieczna by zapewni\u0107 sta\u0142e zasilanie budynku.\u00a0Wykonujemy us\u0142ugi elektryczne kompleksowo od projekt\u00f3w i doradztwa poprzez realizacj\u0119 oraz pe\u0142n\u0105 obs\u0142ug\u0119 instalacji elektroenergetycznych obiektu.\u00a0Zapewniamy kompleksow\u0105 obs\u0142ug\u0119 techniczn\u0105 instalacji [&hellip;]<\/p>\n","protected":false},"author":1,"featured_media":0,"parent":0,"menu_order":0,"comment_status":"closed","ping_status":"closed","template":"","meta":{"footnotes":""},"categories":[],"tags":[],"aioseo_notices":[],"_links":{"self":[{"href":"https:\/\/saptel.pl\/index.php\/wp-json\/wp\/v2\/pages\/283"}],"collection":[{"href":"https:\/\/saptel.pl\/index.php\/wp-json\/wp\/v2\/pages"}],"about":[{"href":"https:\/\/saptel.pl\/index.php\/wp-json\/wp\/v2\/types\/page"}],"author":[{"embeddable":true,"href":"https:\/\/saptel.pl\/index.php\/wp-json\/wp\/v2\/users\/1"}],"replies":[{"embeddable":true,"href":"https:\/\/saptel.pl\/index.php\/wp-json\/wp\/v2\/comments?post=283"}],"version-history":[{"count":7,"href":"https:\/\/saptel.pl\/index.php\/wp-json\/wp\/v2\/pages\/283\/revisions"}],"predecessor-version":[{"id":429,"href":"https:\/\/saptel.pl\/index.php\/wp-json\/wp\/v2\/pages\/283\/revisions\/429"}],"wp:attachment":[{"href":"https:\/\/saptel.pl\/index.php\/wp-json\/wp\/v2\/media?parent=283"}],"wp:term":[{"taxonomy":"category","embeddable":true,"href":"https:\/\/saptel.pl\/index.php\/wp-json\/wp\/v2\/categories?post=283"},{"taxonomy":"post_tag","embeddable":true,"href":"https:\/\/saptel.pl\/index.php\/wp-json\/wp\/v2\/tags?post=283"}],"curies":[{"name":"wp","href":"https:\/\/api.w.org\/{rel}","templated":true}]}}