{"id":257,"date":"2016-08-29T17:19:05","date_gmt":"2016-08-29T15:19:05","guid":{"rendered":"http:\/\/saptel.eu\/?page_id=257"},"modified":"2018-02-10T12:18:55","modified_gmt":"2018-02-10T11:18:55","slug":"wspolpraca-serwisowa","status":"publish","type":"page","link":"https:\/\/saptel.pl\/index.php\/wspolpraca-serwisowa\/","title":{"rendered":"Wsp\u00f3\u0142praca Serwisowa"},"content":{"rendered":"<table style=\"border-color: #ffffff;\" border=\"0\" width=\"100%\" cellspacing=\"20\">\n<tbody>\n<tr style=\"background-color: #ffffff;\">\n<td style=\"border-color: #ffffff; width: 698px; height: 478px;\" valign=\"top\" height=\"478\">\n<p style=\"text-align: left;\"><span style=\"font-family: verdana, geneva, sans-serif; font-size: 14px;\">Proponujemy Pa\u0144stwu d\u0142ugofalow\u0105 wsp\u00f3\u0142prac\u0119 polegaj\u0105c\u0105 na opiece serwisowej w zakresie telekomunikacji, teleinformatyki oraz system\u00f3w zabezpiecze\u0144.<\/span><\/p>\n<p style=\"text-align: left;\"><span style=\"font-family: verdana, geneva, sans-serif; font-size: 14px;\">Jeste\u015bmy do Pa\u0144stwa dyspozycji w szerokim zakresie us\u0142ug zwi\u0105zanych z instalacj\u0105 i konfiguracj\u0105 urz\u0105dze\u0144 i sieci teleinformatycznych.<\/span><\/p>\n<p style=\"text-align: left;\"><span style=\"font-family: verdana, geneva, sans-serif; font-size: 14px;\">Doradzamy, przeprowadzamy ekspertyzy techniczne, staramy si\u0119 pom\u00f3c w rozwi\u0105zywaniu nietypowych problem\u00f3w.<\/span><\/p>\n<p style=\"text-align: left;\"><span style=\"font-family: verdana, geneva, sans-serif; font-size: 14px;\">Wykonujemy us\u0142ugi w ka\u017cdym zakresie, szczeg\u00f3lnie polecamy podpisanie umowy sta\u0142ej obs\u0142ugi serwisowej.<\/span><\/p>\n<p style=\"text-align: left;\"><span style=\"font-family: verdana, geneva, sans-serif; font-size: 14px;\"><strong>Co mo\u017cna zyska\u0107 poprzez sta\u0142\u0105 fachow\u0105 opiek\u0119?<\/strong><\/span><\/p>\n<ul style=\"list-style-type: disc;\">\n<li style=\"text-align: left;\"><span style=\"font-family: verdana, geneva, sans-serif; font-size: 14px;\">Nie tracicie Pa\u0144stwo czasu na rozwi\u0105zywanie problem\u00f3w technicznych &#8211; nasza opieka umo\u017cliwia najlepsze wykorzystanie sprz\u0119tu, zwieksza wydajno\u015b\u0107 i zapobiega awariom.<\/span><\/li>\n<li style=\"text-align: left;\"><span style=\"font-family: verdana, geneva, sans-serif; font-size: 14px;\">Kontrola i zmniejszenie koszt\u00f3w bie\u017c\u0105cych &#8211; dzi\u0119ki naszej wiedzy i do\u015bwiadczeniu mo\u017cecie Pa\u0144stwo zaoszcz\u0119dzi\u0107 od kilku do kilkunastu procent koszt\u00f3w, np.: poprzez zmniejszenie rachunk\u00f3w telefonicznych, bardziej trafne inwestycje w sprz\u0119t.<\/span><\/li>\n<\/ul>\n<p style=\"text-align: left;\"><span style=\"font-family: verdana, geneva, sans-serif; font-size: 14px;\"><strong>Dlaczego jeste\u015bmy lepsi od pracownik\u00f3w zatrudnionych na etacie?<\/strong><\/span><\/p>\n<ul style=\"list-style-type: disc;\">\n<li style=\"text-align: left;\"><span style=\"font-family: verdana, geneva, sans-serif; font-size: 14px;\">Najcz\u0119\u015bciej wsp\u00f3\u0142praca z firm\u0105 zewn\u0119trzn\u0105 jest ta\u0144sza ni\u017c zatrudnienie pracownika na etat.<\/span><\/li>\n<li style=\"text-align: left;\"><span style=\"font-family: verdana, geneva, sans-serif; font-size: 14px;\">Na podstawie dzia\u0142a\u0144 u wielu klient\u00f3w, stykamy si\u0119 z wieloma r\u00f3\u017cnymi problemami, jeste\u015bmy na bie\u017c\u0105co z najnowszymi, najbardziej ekonomicznymi rozwi\u0105zaniami, wiemy co sprawdza si\u0119 w praktyce.<\/span><\/li>\n<li style=\"text-align: left;\"><span style=\"font-family: verdana, geneva, sans-serif; font-size: 14px;\">Nasz wykwalifikowany personel umo\u017cliwia zaproponowanie kompleksowych rozwi\u0105za\u0144 dzi\u0119ki czemu system jest sp\u00f3jny i bardziej wydajny.<\/span><\/li>\n<\/ul>\n<p style=\"text-align: left;\"><span style=\"font-family: verdana, geneva, sans-serif; font-size: 14px;\"><strong>Do czego zobowi\u0105zuje nas umowa?<\/strong><\/span><\/p>\n<ul style=\"list-style-type: disc;\">\n<li style=\"text-align: left;\"><span style=\"font-family: verdana, geneva, sans-serif; font-size: 14px;\">Do bie\u017c\u0105cej konserwacji i konfiguracji sprz\u0119tu zapewniaj\u0105cej bezawaryjne dzia\u0142anie.<\/span><\/li>\n<li style=\"text-align: left;\"><span style=\"font-family: verdana, geneva, sans-serif; font-size: 14px;\">Do szybkiej reakcji w przypadku awarii, maksymalnie do czasu okre\u015blonego w umowie, oraz do jak najszybszego usuni\u0119cia uszkodzenia.<\/span><\/li>\n<li style=\"text-align: left;\"><span style=\"font-family: verdana, geneva, sans-serif; font-size: 14px;\">Do doradzania w sprawach inwestycji, bie\u017c\u0105cej obs\u0142ugi system\u00f3w taryfikacyjnych i system\u00f3w rejestruj\u0105cych zapis danych.<\/span><\/li>\n<li style=\"text-align: left;\"><span style=\"font-family: verdana, geneva, sans-serif; font-size: 14px;\">Do bezp\u0142atnej naprawy lub rozbudowy &#8211; klient p\u0142aci jedynie za cz\u0119\u015bci.<\/span><\/li>\n<\/ul>\n<p style=\"text-align: left;\"><span style=\"font-family: verdana, geneva, sans-serif; font-size: 14px;\"><strong>Cena za opiek\u0119 serwisow\u0105 kalkulowana jest indywidualnie i zale\u017cy od wielu czynnik\u00f3w mi\u0119dzy innymi:<\/strong><\/span><\/p>\n<ul style=\"list-style-type: disc;\">\n<li style=\"text-align: left;\"><span style=\"font-family: verdana, geneva, sans-serif; font-size: 14px;\">Architektury sieci, ilo\u015bci posiadanego sprz\u0119tu np: ilo\u015bci posiadanych numer\u00f3w wewn\u0119trznych, ilo\u015bci czujek lub kamer.<\/span><\/li>\n<li style=\"text-align: left;\"><span style=\"font-family: verdana, geneva, sans-serif; font-size: 14px;\">Rodzaju centrali telefonicznej, alarmowej, rejestratora, rodzaju posiadanej kamery.<\/span><\/li>\n<li style=\"text-align: left;\"><span style=\"font-family: verdana, geneva, sans-serif; font-size: 14px;\">Zakresu czasowego sprawowanej opieki.<\/span><\/li>\n<li style=\"text-align: left;\"><span style=\"font-family: verdana, geneva, sans-serif; font-size: 14px;\">Maksymalnego czasu reakcji na zg\u0142oszon\u0105 awari\u0119.<\/span><\/li>\n<\/ul>\n<p style=\"text-align: left;\"><span style=\"font-family: verdana, geneva, sans-serif; font-size: 14px;\"><strong>W sprawie ustalenia ceny za opiek\u0119 serwisow\u0105 prosimy o kontakt:<\/strong><\/span><\/p>\n<ul style=\"list-style-type: disc;\">\n<li style=\"text-align: left;\"><span style=\"font-family: verdana, geneva, sans-serif; font-size: 14px;\">Telefoniczny: <strong>22 398 44 52<\/strong><\/span><\/li>\n<li style=\"text-align: left;\"><span style=\"font-family: verdana, geneva, sans-serif; font-size: 14px;\">Mailowy: <a class=\"styl11\" href=\"mailto: slawek.pielacha@saptel.pl\">serwis@saptel.pl<\/a><\/span><\/li>\n<\/ul>\n<\/td>\n<td style=\"width: 57px; background-color: #ffffff;\" align=\"left\" valign=\"top\">&nbsp;<\/p>\n<p>&nbsp;<\/p>\n<p align=\"left\">\n<\/td>\n<\/tr>\n<\/tbody>\n<\/table>\n<table style=\"background-color: #ffffff;\" border=\"0\" width=\"100%\" cellspacing=\"20\">\n<tbody>\n<tr>\n<th style=\"width: 779px;\" scope=\"col\">\n<div align=\"left\"><span style=\"font-family: verdana, geneva, sans-serif;\"><img loading=\"lazy\" decoding=\"async\" src=\"http:\/\/saptel.pl\/images\/wstecz.jpg\" alt=\"\" width=\"14\" height=\"12\" \/> <span style=\"font-size: 16px;\"><a class=\"styl10\" href=\"http:\/\/saptel.eu\/index.php\/oferta\">wstecz<\/a><\/span><\/span><\/div>\n<\/th>\n<\/tr>\n<\/tbody>\n<\/table>\n","protected":false},"excerpt":{"rendered":"<p>Proponujemy Pa\u0144stwu d\u0142ugofalow\u0105 wsp\u00f3\u0142prac\u0119 polegaj\u0105c\u0105 na opiece serwisowej w zakresie telekomunikacji, teleinformatyki oraz system\u00f3w zabezpiecze\u0144. Jeste\u015bmy do Pa\u0144stwa dyspozycji w szerokim zakresie us\u0142ug zwi\u0105zanych z instalacj\u0105 i konfiguracj\u0105 urz\u0105dze\u0144 i sieci teleinformatycznych. Doradzamy, przeprowadzamy ekspertyzy techniczne, staramy si\u0119 pom\u00f3c w rozwi\u0105zywaniu nietypowych problem\u00f3w. Wykonujemy us\u0142ugi w ka\u017cdym zakresie, szczeg\u00f3lnie polecamy podpisanie umowy sta\u0142ej obs\u0142ugi serwisowej. [&hellip;]<\/p>\n","protected":false},"author":1,"featured_media":0,"parent":0,"menu_order":0,"comment_status":"closed","ping_status":"closed","template":"","meta":{"footnotes":""},"categories":[],"tags":[],"aioseo_notices":[],"_links":{"self":[{"href":"https:\/\/saptel.pl\/index.php\/wp-json\/wp\/v2\/pages\/257"}],"collection":[{"href":"https:\/\/saptel.pl\/index.php\/wp-json\/wp\/v2\/pages"}],"about":[{"href":"https:\/\/saptel.pl\/index.php\/wp-json\/wp\/v2\/types\/page"}],"author":[{"embeddable":true,"href":"https:\/\/saptel.pl\/index.php\/wp-json\/wp\/v2\/users\/1"}],"replies":[{"embeddable":true,"href":"https:\/\/saptel.pl\/index.php\/wp-json\/wp\/v2\/comments?post=257"}],"version-history":[{"count":18,"href":"https:\/\/saptel.pl\/index.php\/wp-json\/wp\/v2\/pages\/257\/revisions"}],"predecessor-version":[{"id":426,"href":"https:\/\/saptel.pl\/index.php\/wp-json\/wp\/v2\/pages\/257\/revisions\/426"}],"wp:attachment":[{"href":"https:\/\/saptel.pl\/index.php\/wp-json\/wp\/v2\/media?parent=257"}],"wp:term":[{"taxonomy":"category","embeddable":true,"href":"https:\/\/saptel.pl\/index.php\/wp-json\/wp\/v2\/categories?post=257"},{"taxonomy":"post_tag","embeddable":true,"href":"https:\/\/saptel.pl\/index.php\/wp-json\/wp\/v2\/tags?post=257"}],"curies":[{"name":"wp","href":"https:\/\/api.w.org\/{rel}","templated":true}]}}