{"id":2,"date":"2016-05-17T19:46:00","date_gmt":"2016-05-17T17:46:00","guid":{"rendered":"http:\/\/saptel.eu\/?page_id=2"},"modified":"2021-03-28T10:15:59","modified_gmt":"2021-03-28T08:15:59","slug":"przykladowa-strona","status":"publish","type":"page","link":"https:\/\/saptel.pl\/","title":{"rendered":"O firmie"},"content":{"rendered":"<table id=\"table3\" style=\"border-color: #ffffff; height: 1101px;\" border=\"0\" width=\"1904\" cellspacing=\"20\">\n<tbody>\n<tr style=\"height: 25px;\" valign=\"middle\">\n<td style=\"border-color: #ffffff; height: 25px; width: 1858px;\" colspan=\"2\" align=\"left\">\n<p class=\"styl1\"><span style=\"font-size: 16px;\"><strong>G\u0142\u00f3wnym kierunkiem dzia\u0142alno\u015bci naszej firmy jest kompleksowa dostawa rozwi\u0105za\u0144 dla biznesu oraz os\u00f3b indywidualnych.<\/strong><\/span><br \/>\n<span style=\"font-size: 16px;\"> <strong>Oferta firmy SAPTEL obejmuje kompleksowe realizacje system\u00f3w pocz\u0105wszy od projektu, poprzez dostaw\u0119 sprz\u0119tu i oprogramowania, wdro\u017cenie i rozruch, po p\u00f3\u017aniejszy serwis i opiek\u0119. Wyb\u00f3r jednego partnera do realizacji ca\u0142o\u015bci przedsi\u0119wzi\u0119cia pozwala na uproszczenie relacji zleceniodawca-wykonawca oraz umo\u017cliwia kontrol\u0119 na wszystkich etapach powstawania systemu.<\/strong><\/span><br \/>\n<span style=\"font-size: 16px;\"> <strong>Na nasz\u0105 ofert\u0119 sk\u0142adaj\u0105 si\u0119 wy\u0142\u0105cznie sprawdzone produkty i rozwi\u0105zania renomowanych producent\u00f3w, b\u0119d\u0105ce gwarancj\u0105 sprawno\u015bci i niezawodno\u015bci budowanego systemu.<\/strong><\/span><\/p>\n<p class=\"styl1\"><span style=\"font-size: 16px;\"><strong>Naszym atutem jest:<\/strong><\/span><\/p>\n<ul class=\"styl1\">\n<li><span style=\"font-size: 16px;\"><strong>do\u015bwiadczenie potwierdzone certyfikatami oraz umiej\u0119tno\u015bci\u0105 rozwi\u0105zywania trudnych zagadnie\u0144<\/strong><\/span><\/li>\n<li><span style=\"font-size: 16px;\"><strong>solidno\u015b\u0107<\/strong><\/span><\/li>\n<li><span style=\"font-size: 16px;\"><strong>konkurencyjno\u015b\u0107 cenowa<\/strong><\/span><\/li>\n<\/ul>\n<\/td>\n<\/tr>\n<tr style=\"height: 408px;\">\n<td style=\"border-color: #ffffff; width: 942.683px; height: 408px;\" align=\"left\" valign=\"top\">\n<p class=\"styl1\"><span style=\"font-size: 16px;\"><strong>Us\u0142ugi \u015bwiadczone przez nasz\u0105 firm\u0119 to:<\/strong><\/span><\/p>\n<ul>\n<li style=\"list-style-type: none;\">\n<ul style=\"list-style-type: disc;\">\n<li><span class=\"styl1\" style=\"font-size: 16px; font-family: georgia, palatino, serif;\">Monta\u017c sieci i central telefonicznych z kompleksow\u0105 obs\u0142ug\u0105 serwisow\u0105<\/span><\/li>\n<li><span style=\"font-size: 16px; font-family: georgia, palatino, serif;\">Instalacja sieci strukturalnych i \u015bwiat\u0142owodowych<\/span><\/li>\n<li><span style=\"font-size: 16px; font-family: georgia, palatino, serif;\">Instalacje elektryczne<\/span><\/li>\n<li><span style=\"font-size: 16px; font-family: georgia, palatino, serif;\">Monta\u017c instalacji nisko pr\u0105dowych (domofony, bramofony, wideodomofony)<\/span><\/li>\n<li><span style=\"font-size: 16px; font-family: georgia, palatino, serif;\">Instalacje telewizji dozorowej IP\/AHD\/HD-SDI<\/span><\/li>\n<li><span style=\"font-size: 16px; font-family: georgia, palatino, serif;\">Instalacje system\u00f3w alarmowych i kontroli dost\u0119pu<\/span><\/li>\n<li><span style=\"font-size: 16px; font-family: georgia, palatino, serif;\">Obs\u0142uga informatyczna<\/span><\/li>\n<li><span style=\"font-size: 16px; font-family: georgia, palatino, serif;\">Instalacje telewizji naziemnej i satelitarnej Sat\/RTV<\/span><\/li>\n<li><span style=\"font-size: 16px; font-family: georgia, palatino, serif;\">Systemy projekcyjne i audiowizualne<\/span><\/li>\n<li><span style=\"font-family: georgia, palatino, serif; font-size: 16px;\">Automatyka budynkowa KNX<\/span><\/li>\n<\/ul>\n<\/li>\n<\/ul>\n<\/td>\n<td style=\"border-color: #ffffff; width: 891.317px; height: 408px;\" align=\"center\" valign=\"middle\"><img loading=\"lazy\" decoding=\"async\" class=\"alignnone size-full wp-image-526\" src=\"http:\/\/saptel.pl\/wp-content\/uploads\/2020\/03\/O_firmie_1.jpg\" alt=\"\" width=\"287\" height=\"277\" \/><\/td>\n<\/tr>\n<tr style=\"height: 270px;\">\n<td style=\"width: 942.683px; border-color: #ffffff; height: 270px;\" align=\"center\" valign=\"middle\"><img loading=\"lazy\" decoding=\"async\" class=\"alignnone size-full wp-image-527\" src=\"http:\/\/saptel.pl\/wp-content\/uploads\/2020\/03\/O_firmirmie_2.jpg\" alt=\"\" width=\"313\" height=\"157\" srcset=\"https:\/\/saptel.pl\/wp-content\/uploads\/2020\/03\/O_firmirmie_2.jpg 313w, https:\/\/saptel.pl\/wp-content\/uploads\/2020\/03\/O_firmirmie_2-300x150.jpg 300w, https:\/\/saptel.pl\/wp-content\/uploads\/2020\/03\/O_firmirmie_2-285x143.jpg 285w\" sizes=\"(max-width: 313px) 100vw, 313px\" \/><\/td>\n<td style=\"width: 891.317px; border-color: #ffffff; height: 270px;\" align=\"left\" valign=\"top\">\n<p class=\"styl1\"><span style=\"font-size: 16px;\"><strong>Oferujemy tak\u017ce:<\/strong><\/span><\/p>\n<ul class=\"styl1\">\n<li><span style=\"font-size: 16px; font-family: georgia, palatino, serif;\">Naprawy uszkodze\u0144<\/span><\/li>\n<li><span style=\"font-size: 16px; font-family: georgia, palatino, serif;\">Modernizacj\u0119 instalacji elektrycznych i teletechnicznych<\/span><\/li>\n<li><span style=\"font-family: georgia, palatino, serif; font-size: 16px;\">Rozbudowy i modernizacje elektronicznych system\u00f3w zabezpiecze\u0144<\/span><\/li>\n<li><span style=\"font-size: 16px; font-family: georgia, palatino, serif;\">Wsparcie techniczne<\/span><\/li>\n<li><span style=\"font-size: 16px; font-family: georgia, palatino, serif;\">Sprzeda\u017c us\u0142ug telefonii internetowej VoIP<\/span><\/li>\n<\/ul>\n<\/td>\n<\/tr>\n<\/tbody>\n<\/table>\n","protected":false},"excerpt":{"rendered":"<p>G\u0142\u00f3wnym kierunkiem dzia\u0142alno\u015bci naszej firmy jest kompleksowa dostawa rozwi\u0105za\u0144 dla biznesu oraz os\u00f3b indywidualnych. Oferta firmy SAPTEL obejmuje kompleksowe realizacje system\u00f3w pocz\u0105wszy od projektu, poprzez dostaw\u0119 sprz\u0119tu i oprogramowania, wdro\u017cenie i rozruch, po p\u00f3\u017aniejszy serwis i opiek\u0119. Wyb\u00f3r jednego partnera do realizacji ca\u0142o\u015bci przedsi\u0119wzi\u0119cia pozwala na uproszczenie relacji zleceniodawca-wykonawca oraz umo\u017cliwia kontrol\u0119 na wszystkich etapach [&hellip;]<\/p>\n","protected":false},"author":1,"featured_media":0,"parent":0,"menu_order":0,"comment_status":"closed","ping_status":"open","template":"","meta":{"footnotes":""},"categories":[],"tags":[],"aioseo_notices":[],"_links":{"self":[{"href":"https:\/\/saptel.pl\/index.php\/wp-json\/wp\/v2\/pages\/2"}],"collection":[{"href":"https:\/\/saptel.pl\/index.php\/wp-json\/wp\/v2\/pages"}],"about":[{"href":"https:\/\/saptel.pl\/index.php\/wp-json\/wp\/v2\/types\/page"}],"author":[{"embeddable":true,"href":"https:\/\/saptel.pl\/index.php\/wp-json\/wp\/v2\/users\/1"}],"replies":[{"embeddable":true,"href":"https:\/\/saptel.pl\/index.php\/wp-json\/wp\/v2\/comments?post=2"}],"version-history":[{"count":21,"href":"https:\/\/saptel.pl\/index.php\/wp-json\/wp\/v2\/pages\/2\/revisions"}],"predecessor-version":[{"id":842,"href":"https:\/\/saptel.pl\/index.php\/wp-json\/wp\/v2\/pages\/2\/revisions\/842"}],"wp:attachment":[{"href":"https:\/\/saptel.pl\/index.php\/wp-json\/wp\/v2\/media?parent=2"}],"wp:term":[{"taxonomy":"category","embeddable":true,"href":"https:\/\/saptel.pl\/index.php\/wp-json\/wp\/v2\/categories?post=2"},{"taxonomy":"post_tag","embeddable":true,"href":"https:\/\/saptel.pl\/index.php\/wp-json\/wp\/v2\/tags?post=2"}],"curies":[{"name":"wp","href":"https:\/\/api.w.org\/{rel}","templated":true}]}}