{"id":181,"date":"2016-07-09T23:05:32","date_gmt":"2016-07-09T21:05:32","guid":{"rendered":"http:\/\/saptel.eu\/?page_id=181"},"modified":"2020-04-14T18:59:30","modified_gmt":"2020-04-14T16:59:30","slug":"domofony-i-videodomofony","status":"publish","type":"page","link":"https:\/\/saptel.pl\/index.php\/domofony-i-videodomofony\/","title":{"rendered":"Domofony i Videodomofony"},"content":{"rendered":"\n<div class=\"wp-block-columns is-layout-flex wp-container-core-columns-is-layout-1 wp-block-columns-is-layout-flex\">\n<div class=\"wp-block-column is-vertically-aligned-center is-layout-flow wp-block-column-is-layout-flow\" style=\"flex-basis:66.66%\">\n<p><span style=\"font-family: verdana, geneva, sans-serif; font-size: 14px;\">Uzupe\u0142nieniem system\u00f3w ochrony budynku s\u0105 miedzy innymi domofony i wideodomofony.<\/span><br \/><span style=\"font-family: verdana, geneva, sans-serif; font-size: 14px;\"> Zwi\u0119kszaj\u0105 one poziom bezpiecze\u0144stwa, umo\u017cliwiaj\u0105c wymian\u0119 zda\u0144 z osobami chc\u0105cymi dosta\u0107 si\u0119 do obiektu.<\/span><br \/><span style=\"font-family: verdana, geneva, sans-serif; font-size: 14px;\"> Na podstawie weryfikacji przez rozmow\u0119 domofony umo\u017cliwiaj\u0105 zdalne otwarcie wej\u015bcia, b\u0105d\u017a zatrzymanie niechcianych os\u00f3b.<\/span><br \/><span style=\"font-family: verdana, geneva, sans-serif; font-size: 14px;\"> Udoskonalon\u0105 wersj\u0105 domofonu jest wideodomofon wyposa\u017cony w kamer\u0119 i monitor. Daje to wi\u0119ksze mo\u017cliwo\u015bci kontroli os\u00f3b odwiedzaj\u0105cych obiekt.<\/span><\/p>\n<p><span style=\"font-family: verdana, geneva, sans-serif; font-size: 14px;\">Wykonujemy kompletne instalacje domofonowe i wideodomofonowe na potrzeby klient\u00f3w indywidualnych, Sp\u00f3\u0142dzielni i Wsp\u00f3lnot Mieszkaniowych oraz Deweloper\u00f3w &#8211; w pojedynczych budynkach, blokach i osiedlach. Wykonujemy instalacje od podstaw oraz w oparciu o istniej\u0105ce okablowanie.<\/span><br \/><span style=\"font-family: verdana, geneva, sans-serif; font-size: 14px;\"> Modernizujemy lub wymieniamy istniej\u0105ce systemy.<\/span><br \/><span style=\"font-family: verdana, geneva, sans-serif; font-size: 14px;\"> W naszej ofercie znajd\u0105 Pa\u0144stwo domofony i wideodomofony jedno i wieloabonentowe, obs\u0142uguj\u0105ce jedno lub wiele przej\u015b\u0107.<\/span><br \/><span style=\"font-family: verdana, geneva, sans-serif; font-size: 14px;\"> Na wszystkie nasze instalacje udzielamy gwarancj\u0119 i \u015bwiadczymy us\u0142ugi sta\u0142ej konserwacji.<\/span><\/p>\n<\/div>\n\n\n\n<div class=\"wp-block-column is-layout-flow wp-block-column-is-layout-flow\" style=\"flex-basis:33.33%\">\n<div class=\"wp-block-image\"><figure class=\"aligncenter size-large is-resized\"><img loading=\"lazy\" decoding=\"async\" src=\"https:\/\/saptel.pl\/wp-content\/uploads\/2020\/04\/domofon4.jpg\" alt=\"\" class=\"wp-image-791\" width=\"366\" height=\"410\" srcset=\"https:\/\/saptel.pl\/wp-content\/uploads\/2020\/04\/domofon4.jpg 366w, https:\/\/saptel.pl\/wp-content\/uploads\/2020\/04\/domofon4-268x300.jpg 268w\" sizes=\"(max-width: 366px) 100vw, 366px\" \/><\/figure><\/div>\n<\/div>\n<\/div>\n\n\n\n\n\n<div class=\"wp-block-image\"><figure class=\"alignleft size-large is-resized\"><img loading=\"lazy\" decoding=\"async\" src=\"https:\/\/saptel.pl\/wp-content\/uploads\/2020\/04\/v3s_v31s.jpg\" alt=\"\" class=\"wp-image-792\" width=\"495\" height=\"495\" srcset=\"https:\/\/saptel.pl\/wp-content\/uploads\/2020\/04\/v3s_v31s.jpg 990w, https:\/\/saptel.pl\/wp-content\/uploads\/2020\/04\/v3s_v31s-300x300.jpg 300w, https:\/\/saptel.pl\/wp-content\/uploads\/2020\/04\/v3s_v31s-150x150.jpg 150w, https:\/\/saptel.pl\/wp-content\/uploads\/2020\/04\/v3s_v31s-768x768.jpg 768w, https:\/\/saptel.pl\/wp-content\/uploads\/2020\/04\/v3s_v31s-570x570.jpg 570w, https:\/\/saptel.pl\/wp-content\/uploads\/2020\/04\/v3s_v31s-380x380.jpg 380w, https:\/\/saptel.pl\/wp-content\/uploads\/2020\/04\/v3s_v31s-285x285.jpg 285w\" sizes=\"(max-width: 495px) 100vw, 495px\" \/><\/figure><\/div>\n","protected":false},"excerpt":{"rendered":"<p>Uzupe\u0142nieniem system\u00f3w ochrony budynku s\u0105 miedzy innymi domofony i wideodomofony. Zwi\u0119kszaj\u0105 one poziom bezpiecze\u0144stwa, umo\u017cliwiaj\u0105c wymian\u0119 zda\u0144 z osobami chc\u0105cymi dosta\u0107 si\u0119 do obiektu. Na podstawie weryfikacji przez rozmow\u0119 domofony umo\u017cliwiaj\u0105 zdalne otwarcie wej\u015bcia, b\u0105d\u017a zatrzymanie niechcianych os\u00f3b. Udoskonalon\u0105 wersj\u0105 domofonu jest wideodomofon wyposa\u017cony w kamer\u0119 i monitor. Daje to wi\u0119ksze mo\u017cliwo\u015bci kontroli os\u00f3b odwiedzaj\u0105cych [&hellip;]<\/p>\n","protected":false},"author":1,"featured_media":0,"parent":0,"menu_order":0,"comment_status":"closed","ping_status":"closed","template":"","meta":{"footnotes":""},"categories":[],"tags":[],"aioseo_notices":[],"_links":{"self":[{"href":"https:\/\/saptel.pl\/index.php\/wp-json\/wp\/v2\/pages\/181"}],"collection":[{"href":"https:\/\/saptel.pl\/index.php\/wp-json\/wp\/v2\/pages"}],"about":[{"href":"https:\/\/saptel.pl\/index.php\/wp-json\/wp\/v2\/types\/page"}],"author":[{"embeddable":true,"href":"https:\/\/saptel.pl\/index.php\/wp-json\/wp\/v2\/users\/1"}],"replies":[{"embeddable":true,"href":"https:\/\/saptel.pl\/index.php\/wp-json\/wp\/v2\/comments?post=181"}],"version-history":[{"count":16,"href":"https:\/\/saptel.pl\/index.php\/wp-json\/wp\/v2\/pages\/181\/revisions"}],"predecessor-version":[{"id":796,"href":"https:\/\/saptel.pl\/index.php\/wp-json\/wp\/v2\/pages\/181\/revisions\/796"}],"wp:attachment":[{"href":"https:\/\/saptel.pl\/index.php\/wp-json\/wp\/v2\/media?parent=181"}],"wp:term":[{"taxonomy":"category","embeddable":true,"href":"https:\/\/saptel.pl\/index.php\/wp-json\/wp\/v2\/categories?post=181"},{"taxonomy":"post_tag","embeddable":true,"href":"https:\/\/saptel.pl\/index.php\/wp-json\/wp\/v2\/tags?post=181"}],"curies":[{"name":"wp","href":"https:\/\/api.w.org\/{rel}","templated":true}]}}