{"id":170,"date":"2016-07-09T22:52:03","date_gmt":"2016-07-09T20:52:03","guid":{"rendered":"http:\/\/saptel.eu\/?page_id=170"},"modified":"2021-04-03T21:29:28","modified_gmt":"2021-04-03T19:29:28","slug":"telewizja-dozorowa","status":"publish","type":"page","link":"https:\/\/saptel.pl\/index.php\/telewizja-dozorowa\/","title":{"rendered":"Monitoring Wizyjny"},"content":{"rendered":"<table style=\"border-color: #FFFFFF;\" border=\"0\" width=\"100%\" cellspacing=\"20\">\n<tbody>\n<tr>\n<td style=\"border-color: #ffffff; height: 196px;\" align=\"left\" valign=\"top\" height=\"196\"><span style=\"font-family: verdana, geneva, sans-serif; font-size: 14px;\">Monitoring wizyjny, to obok system\u00f3w alarmowych i kontroli dost\u0119pu, najpopularniejsza dziedzina zabezpiecze\u0144.<\/span><br \/>\n<span style=\"font-family: verdana, geneva, sans-serif; font-size: 14px;\"> Telewizja przemys\u0142owa umo\u017cliwia u\u017cytkownikowi lokaln\u0105 lub zdaln\u0105 obserwacj\u0119 oraz rejestracj\u0119 zdarze\u0144 w obiekcie lub w terenie otwartym. Obecnie systemy telewizji dozorowej ciesz\u0105 si\u0119 coraz wi\u0119kszym zainteresowaniem w\u015br\u00f3d klient\u00f3w biznesowych jak i os\u00f3b indywidualnych. Rozwi\u0105zaniem na miar\u0119 XXI wieku w dziedzinie telewizji przemys\u0142owej jest monitoring IP. Nowoczesna telewizja przemys\u0142owa IP umo\u017cliwia budow\u0119 zaawansowanych i praktycznie nieograniczonych ilo\u015bciowo system\u00f3w monitoringu<em>.<\/em>Instalacje oparte na sieciach komputerowych ca\u0142kowicie eliminuj\u0105 granic\u0119 odleg\u0142o\u015bci i pozwalaj\u0105 na budow\u0119 wysokiej jako\u015bci system\u00f3w monitoringu.<\/span><\/td>\n<\/tr>\n<tr>\n<td style=\"border-color: #ffffff; height: 196px;\" align=\"left\" valign=\"top\" height=\"196\"><span style=\"font-family: verdana, geneva, sans-serif; font-size: 14px;\"><img loading=\"lazy\" decoding=\"async\" class=\"aligncenter wp-image-171 size-full\" src=\"https:\/\/saptel.pl\/wp-content\/uploads\/2016\/07\/SumsungBannerV1.jpg\" alt=\"SumsungBannerV1\" width=\"1120\" height=\"400\" srcset=\"https:\/\/saptel.pl\/wp-content\/uploads\/2016\/07\/SumsungBannerV1.jpg 1120w, https:\/\/saptel.pl\/wp-content\/uploads\/2016\/07\/SumsungBannerV1-300x107.jpg 300w, https:\/\/saptel.pl\/wp-content\/uploads\/2016\/07\/SumsungBannerV1-768x274.jpg 768w, https:\/\/saptel.pl\/wp-content\/uploads\/2016\/07\/SumsungBannerV1-1024x366.jpg 1024w\" sizes=\"(max-width: 1120px) 100vw, 1120px\" \/><\/span><\/td>\n<\/tr>\n<tr>\n<td style=\"border-color: #ffffff; height: 98px;\" align=\"left\" valign=\"top\" height=\"98\"><span style=\"font-family: verdana, geneva, sans-serif; font-size: 14px;\">\u015awiadczymy kompleksowe rozwi\u0105zania z zakresu system\u00f3w telewizji przemys\u0142owej CCTV.<\/span><br \/>\n<span style=\"font-family: verdana, geneva, sans-serif; font-size: 14px;\"> Oferujemy profesjonalne doradztwo, wykonanie projektu, wykonanie instalacji, dostaw\u0119 urz\u0105dze\u0144, monta\u017c i uruchomienie systemu oraz sprawowanie <strong><a href=\"http:\/\/saptel.pl\/Wspolpraca.html\"><span class=\"styl10\">opieki serwisowej<\/span><\/a><\/strong>.<\/span><span style=\"font-family: verdana, geneva, sans-serif; font-size: 14px;\">Instalacje system\u00f3w monitoringu wykonujemy w oparciu o tradycyjne okablowanie miedziane (kable koncentryczne i skr\u0119tka komputerowa) jak r\u00f3wnie\u017c na okablowaniu \u015bwiat\u0142owodowym oraz transmisj\u0119 bezprzewodow\u0105.<\/span><br \/>\n<span style=\"font-family: verdana, geneva, sans-serif; font-size: 14px;\"> Nasze projekty realizujemy w oparciu o systemy analogowe wysokiej rozdzielczo\u015b\u0107 AHD, Turbo-HD, HD-CVI 1Mpx &#8211; 8Mpx oraz cyfrowe systemy dozorowe IP umo\u017cliwiaj\u0105ce transmisj\u0119 d\u017awi\u0119ku i obrazu wysokiej jako\u015bci dochodz\u0105cej do rozdzielczo\u015bci 4K .<\/span><\/td>\n<\/tr>\n<tr>\n<td style=\"border-color: #ffffff; height: 325px;\" align=\"left\" valign=\"top\" height=\"325\"><\/td>\n<\/tr>\n<\/tbody>\n<\/table>\n<table style=\"border-color: #FFFFFF;\" border=\"0\" width=\"100%\" cellspacing=\"20\">\n<tbody>\n<tr>\n<td style=\"border-color: #ffffff; text-align: left;\"><span style=\"font-family: verdana, geneva, sans-serif;\"><img loading=\"lazy\" decoding=\"async\" src=\"http:\/\/saptel.pl\/images\/wstecz.jpg\" alt=\"\" width=\"14\" height=\"12\" \/> <strong><span style=\"font-size: 16px;\"><a class=\"styl11\" href=\"http:\/\/saptel.eu\/index.php\/oferta\/\">wstecz<\/a><\/span><\/strong><\/span><\/td>\n<\/tr>\n<\/tbody>\n<\/table>\n","protected":false},"excerpt":{"rendered":"<p>Monitoring wizyjny, to obok system\u00f3w alarmowych i kontroli dost\u0119pu, najpopularniejsza dziedzina zabezpiecze\u0144. Telewizja przemys\u0142owa umo\u017cliwia u\u017cytkownikowi lokaln\u0105 lub zdaln\u0105 obserwacj\u0119 oraz rejestracj\u0119 zdarze\u0144 w obiekcie lub w terenie otwartym. Obecnie systemy telewizji dozorowej ciesz\u0105 si\u0119 coraz wi\u0119kszym zainteresowaniem w\u015br\u00f3d klient\u00f3w biznesowych jak i os\u00f3b indywidualnych. Rozwi\u0105zaniem na miar\u0119 XXI wieku w dziedzinie telewizji przemys\u0142owej jest [&hellip;]<\/p>\n","protected":false},"author":1,"featured_media":0,"parent":0,"menu_order":0,"comment_status":"closed","ping_status":"closed","template":"","meta":{"footnotes":""},"categories":[],"tags":[],"aioseo_notices":[],"_links":{"self":[{"href":"https:\/\/saptel.pl\/index.php\/wp-json\/wp\/v2\/pages\/170"}],"collection":[{"href":"https:\/\/saptel.pl\/index.php\/wp-json\/wp\/v2\/pages"}],"about":[{"href":"https:\/\/saptel.pl\/index.php\/wp-json\/wp\/v2\/types\/page"}],"author":[{"embeddable":true,"href":"https:\/\/saptel.pl\/index.php\/wp-json\/wp\/v2\/users\/1"}],"replies":[{"embeddable":true,"href":"https:\/\/saptel.pl\/index.php\/wp-json\/wp\/v2\/comments?post=170"}],"version-history":[{"count":20,"href":"https:\/\/saptel.pl\/index.php\/wp-json\/wp\/v2\/pages\/170\/revisions"}],"predecessor-version":[{"id":855,"href":"https:\/\/saptel.pl\/index.php\/wp-json\/wp\/v2\/pages\/170\/revisions\/855"}],"wp:attachment":[{"href":"https:\/\/saptel.pl\/index.php\/wp-json\/wp\/v2\/media?parent=170"}],"wp:term":[{"taxonomy":"category","embeddable":true,"href":"https:\/\/saptel.pl\/index.php\/wp-json\/wp\/v2\/categories?post=170"},{"taxonomy":"post_tag","embeddable":true,"href":"https:\/\/saptel.pl\/index.php\/wp-json\/wp\/v2\/tags?post=170"}],"curies":[{"name":"wp","href":"https:\/\/api.w.org\/{rel}","templated":true}]}}