{"id":163,"date":"2016-07-09T22:37:09","date_gmt":"2016-07-09T20:37:09","guid":{"rendered":"http:\/\/saptel.eu\/?page_id=163"},"modified":"2021-03-28T11:28:15","modified_gmt":"2021-03-28T09:28:15","slug":"systemy-alarmowe-i-kontrola-dostepu","status":"publish","type":"page","link":"https:\/\/saptel.pl\/index.php\/systemy-alarmowe-i-kontrola-dostepu\/","title":{"rendered":"Systemy Alarmowe i Kontrola Dost\u0119pu"},"content":{"rendered":"<table style=\"border-color: #ffffff;\" border=\"0\" width=\"100%\" cellspacing=\"20\">\n<tbody>\n<tr>\n<td style=\"border-color: #ffffff; width: 53%; height: 261px;\" align=\"left\" valign=\"top\" width=\"53%\" height=\"261\"><span style=\"font-family: verdana, geneva, sans-serif; font-size: 14px;\">Ka\u017cdy system alarmowy mo\u017cna por\u00f3wna\u0107 do wartownika, kt\u00f3ry stoi na stra\u017cy domu, biura lub innego obiektu. Ma jednak t\u0119 przewag\u0119, \u017ce nigdy si\u0119 nie m\u0119czy i jest zawsze przygotowany na wydawane mu polecenia. M\u00f3zgiem systemu jest centralka alarmowa, kt\u00f3ra zbiera informacj\u0119 od detektor\u00f3w i na ich podstawie decyduje jak\u0105 czynno\u015b\u0107 ma podj\u0105\u0107.<\/span><br \/>\n<span style=\"font-family: verdana, geneva, sans-serif; font-size: 14px;\"> Obecne centrale to nowoczesne i zaawansowane urz\u0105dzenia s\u0142u\u017c\u0105ce nie tyko jako systemy zabezpiecze\u0144, ale r\u00f3wnie\u017c pozwalaj\u0105ce zrealizowa\u0107 kontrol\u0119 dost\u0119pu czy funkcje sterowania automatyk\u0105 budynkow\u0105.<\/span><br \/>\n<span style=\"font-family: verdana, geneva, sans-serif; font-size: 14px;\"> Nasza firma pomo\u017ce doradzi\u0107, zaprojektowa\u0107 i zainstalowa\u0107 system alarmowy dopasowany do Pa\u0144stwa indywidualnych potrzeb.<\/span><\/td>\n<td style=\"border-color: #ffffff; width: 47%;\" align=\"center\" valign=\"bottom\" width=\"47%\">\n<div align=\"center\"><img loading=\"lazy\" decoding=\"async\" class=\"size-full wp-image-788 aligncenter\" src=\"https:\/\/saptel.pl\/wp-content\/uploads\/2020\/04\/integra_business_set_big.jpg\" alt=\"\" width=\"683\" height=\"228\" srcset=\"https:\/\/saptel.pl\/wp-content\/uploads\/2020\/04\/integra_business_set_big.jpg 683w, https:\/\/saptel.pl\/wp-content\/uploads\/2020\/04\/integra_business_set_big-300x100.jpg 300w, https:\/\/saptel.pl\/wp-content\/uploads\/2020\/04\/integra_business_set_big-570x190.jpg 570w, https:\/\/saptel.pl\/wp-content\/uploads\/2020\/04\/integra_business_set_big-380x127.jpg 380w, https:\/\/saptel.pl\/wp-content\/uploads\/2020\/04\/integra_business_set_big-285x95.jpg 285w\" sizes=\"(max-width: 683px) 100vw, 683px\" \/><\/div>\n<\/td>\n<\/tr>\n<tr>\n<td style=\"border-color: #ffffff; width: 53%; height: 261px;\" align=\"left\" valign=\"top\" width=\"53%\" height=\"261\"><img loading=\"lazy\" decoding=\"async\" class=\"alignnone size-full wp-image-253\" src=\"http:\/\/saptel.eu\/wp-content\/uploads\/2016\/07\/telenot2.jpg\" alt=\"telenot2\" width=\"550\" height=\"310\" srcset=\"https:\/\/saptel.pl\/wp-content\/uploads\/2016\/07\/telenot2.jpg 550w, https:\/\/saptel.pl\/wp-content\/uploads\/2016\/07\/telenot2-300x169.jpg 300w\" sizes=\"(max-width: 550px) 100vw, 550px\" \/><\/td>\n<td style=\"border-color: #ffffff; width: 47%; text-align: left; vertical-align: middle;\" align=\"center\" valign=\"bottom\" width=\"47%\"><span style=\"font-family: verdana, geneva, sans-serif; font-size: 14px;\">Instalujemy i serwisujemy systemy alarmowe przewodowe i bezprzewodowe takich producent\u00f3w jak: <strong>Satel<\/strong>,<strong> DSC<\/strong>,<strong> Texecom<\/strong>, <strong>Visonic<\/strong>, <strong>Paradox<\/strong>,\u00a0<strong>RISCO, Pyronix, SIEMENS, Telenot.<\/strong><\/span><br \/>\n<span style=\"font-family: verdana, geneva, sans-serif; font-size: 14px;\"> Na \u017cyczenie klienta zg\u0142aszamy system do pod\u0142\u0105czenia monitoringu w agencji ochrony.<\/span><\/td>\n<\/tr>\n<\/tbody>\n<\/table>\n<table style=\"border-color: #ffffff;\" border=\"0\" width=\"100%\" cellspacing=\"20\">\n<tbody>\n<tr>\n<td style=\"border-color: #ffffff; height: 491px;\" align=\"center\" valign=\"middle\" height=\"491\">\n<div align=\"left\">\n<p><span style=\"font-family: verdana, geneva, sans-serif; font-size: 14px;\"><strong>KONTROLA DOST\u0118PU<\/strong><\/span><\/p>\n<p><span style=\"font-family: verdana, geneva, sans-serif; font-size: 14px;\">Kontrola dost\u0119pu nale\u017cy do najcz\u0119\u015bciej wdra\u017canych system\u00f3w bezpiecze\u0144stwa w budynkach u\u017cyteczno\u015bci publicznej. Obecnie trudno sobie wyobrazi\u0107 przedsi\u0119biorstwo lub instytucj\u0119 pozbawion\u0105 takiego systemu. Nowoczesne systemy kontroli dost\u0119pu wyposa\u017cone s\u0105 w rejestracj\u0119 czasu pracy (RCP) lub z nimi wsp\u00f3\u0142pracuj\u0105.<\/span><\/p>\n<p><span style=\"font-family: verdana, geneva, sans-serif; font-size: 14px;\">Korzy\u015bci p\u0142yn\u0105ce z wprowadzenia kontroli dost\u0119pu to:<\/span><\/p>\n<ul>\n<li><span style=\"font-family: verdana, geneva, sans-serif; font-size: 14px;\">kontrola os\u00f3b upowa\u017cnionych do przebywania na terenie firmy lub jej obszar\u00f3w obj\u0119tych szczeg\u00f3ln\u0105 ochron\u0105<\/span><\/li>\n<li><span style=\"font-family: verdana, geneva, sans-serif; font-size: 14px;\">ograniczenie dost\u0119pu do poufnych danych lub warto\u015bciowych rzeczy znajduj\u0105cych si\u0119 w firmie<\/span><\/li>\n<li><span style=\"font-family: verdana, geneva, sans-serif; font-size: 14px;\">mo\u017cliwo\u015b\u0107 zdefiniowania r\u00f3\u017cnych poziom\u00f3w dost\u0119pu<\/span><\/li>\n<li><span style=\"font-family: verdana, geneva, sans-serif; font-size: 14px;\">integracja z systemami alarmowymi<\/span><\/li>\n<li><span style=\"font-family: verdana, geneva, sans-serif; font-size: 14px;\">przez zastosowanie element\u00f3w identyfikacyjnych systemy kontroli dost\u0119pu chroni\u0105 pracownik\u00f3w oraz klient\u00f3w na terenie firmy<\/span><\/li>\n<li><span style=\"font-family: verdana, geneva, sans-serif; font-size: 14px;\">mo\u017cliwo\u015b\u0107 dowolnego przetwarzania danych uzyskanych z systemu kontroli<\/span><\/li>\n<li><span style=\"font-family: verdana, geneva, sans-serif; font-size: 14px;\">mo\u017cliwo\u015b\u0107 zintegrowania z innymi systemami takimi jak systemy alarmowe, telewizja przemys\u0142owa, sterowanie klimatyzacj\u0105 itp.<\/span><\/li>\n<li><span style=\"font-family: verdana, geneva, sans-serif; font-size: 14px;\">mo\u017cliwo\u015b\u0107 sygnalizowania w przypadku nieautoryzowanego dost\u0119pu (niew\u0142a\u015bciwa karta zbli\u017ceniowa, wej\u015bcie si\u0142owe itp)<\/span><\/li>\n<li><span style=\"font-family: verdana, geneva, sans-serif; font-size: 14px;\">system wsp\u00f3\u0142pracuje z czujnikami otwarcia drzwi oraz przyciskami ewakuacyjnymi<\/span><\/li>\n<\/ul>\n<p><span style=\"font-family: verdana, geneva, sans-serif; font-size: 14px;\">Projektujemy i instalujemy urz\u0105dzenia kontroli dost\u0119pu oraz rejestracji czasu pracy dostosowuj\u0105c system do indywidualnych potrzeb klienta.<\/span><br \/>\n<span style=\"font-family: verdana, geneva, sans-serif; font-size: 14px;\"> W naszej ofercie znalaz\u0142y si\u0119 systemy KD i RCP takich producent\u00f3w jak: <strong>Roger, AAT KaDe, Rosslare, Controlsys, SIEMENS, Kantech, RBH, Corral, Satel.<\/strong><\/span><br \/>\n<span style=\"font-family: verdana, geneva, sans-serif; font-size: 14px;\"> Instalacje wykonywane przez nasz\u0105 firm\u0119 pozwalaj\u0105 na rozbudow\u0119 w przysz\u0142o\u015bci oraz integracj\u0119 z innymi systemami (np. alarmowymi, telewizji przemys\u0142owej, inteligentnymi budynkami).<\/span><\/p>\n<\/div>\n<\/td>\n<\/tr>\n<tr>\n<td style=\"border-color: #ffffff; height: 78px;\" align=\"center\" valign=\"middle\" height=\"78\"><img loading=\"lazy\" decoding=\"async\" class=\"alignnone size-full wp-image-785\" src=\"https:\/\/saptel.pl\/wp-content\/uploads\/2020\/04\/roger.jpg\" alt=\"\" width=\"1185\" height=\"678\" srcset=\"https:\/\/saptel.pl\/wp-content\/uploads\/2020\/04\/roger.jpg 1185w, https:\/\/saptel.pl\/wp-content\/uploads\/2020\/04\/roger-300x172.jpg 300w, https:\/\/saptel.pl\/wp-content\/uploads\/2020\/04\/roger-1024x586.jpg 1024w, https:\/\/saptel.pl\/wp-content\/uploads\/2020\/04\/roger-768x439.jpg 768w\" sizes=\"(max-width: 1185px) 100vw, 1185px\" \/><\/td>\n<\/tr>\n<tr>\n<td style=\"border-color: #ffffff; height: 78px;\" align=\"center\" valign=\"middle\" height=\"78\">\n<p align=\"left\"><span style=\"font-family: verdana, geneva, sans-serif; font-size: 14px;\">Posiadamy licencje upowa\u017cniaj\u0105ce do wykonywania czynno\u015bci ochrony os\u00f3b i mienia realizowane w formie zabezpieczenia technicznego, opracowywania projekt\u00f3w oraz organizowania i kierowania zespo\u0142ami pracownik\u00f3w zabezpiecze\u0144 technicznych (<strong>licencja pracownika zabezpieczenia technicznego drugiego stopnia<\/strong>).<\/span><\/p>\n<\/td>\n<\/tr>\n<\/tbody>\n<\/table>\n<table style=\"border-color: #ffffff;\" border=\"0\" width=\"100%\" cellspacing=\"20\">\n<tbody>\n<tr style=\"height: 24px;\">\n<td style=\"height: 24px; border-color: #ffffff; text-align: left;\"><strong><img loading=\"lazy\" decoding=\"async\" src=\"http:\/\/saptel.pl\/images\/wstecz.jpg\" alt=\"\" width=\"14\" height=\"12\" \/> <span style=\"font-family: verdana, geneva, sans-serif; font-size: 16px;\"><a class=\"styl10\" href=\"http:\/\/saptel.eu\/index.php\/oferta\/\">wstecz<\/a><\/span><\/strong><\/td>\n<\/tr>\n<\/tbody>\n<\/table>\n","protected":false},"excerpt":{"rendered":"<p>Ka\u017cdy system alarmowy mo\u017cna por\u00f3wna\u0107 do wartownika, kt\u00f3ry stoi na stra\u017cy domu, biura lub innego obiektu. Ma jednak t\u0119 przewag\u0119, \u017ce nigdy si\u0119 nie m\u0119czy i jest zawsze przygotowany na wydawane mu polecenia. M\u00f3zgiem systemu jest centralka alarmowa, kt\u00f3ra zbiera informacj\u0119 od detektor\u00f3w i na ich podstawie decyduje jak\u0105 czynno\u015b\u0107 ma podj\u0105\u0107. Obecne centrale to [&hellip;]<\/p>\n","protected":false},"author":1,"featured_media":0,"parent":0,"menu_order":0,"comment_status":"closed","ping_status":"closed","template":"","meta":{"footnotes":""},"categories":[],"tags":[],"aioseo_notices":[],"_links":{"self":[{"href":"https:\/\/saptel.pl\/index.php\/wp-json\/wp\/v2\/pages\/163"}],"collection":[{"href":"https:\/\/saptel.pl\/index.php\/wp-json\/wp\/v2\/pages"}],"about":[{"href":"https:\/\/saptel.pl\/index.php\/wp-json\/wp\/v2\/types\/page"}],"author":[{"embeddable":true,"href":"https:\/\/saptel.pl\/index.php\/wp-json\/wp\/v2\/users\/1"}],"replies":[{"embeddable":true,"href":"https:\/\/saptel.pl\/index.php\/wp-json\/wp\/v2\/comments?post=163"}],"version-history":[{"count":13,"href":"https:\/\/saptel.pl\/index.php\/wp-json\/wp\/v2\/pages\/163\/revisions"}],"predecessor-version":[{"id":843,"href":"https:\/\/saptel.pl\/index.php\/wp-json\/wp\/v2\/pages\/163\/revisions\/843"}],"wp:attachment":[{"href":"https:\/\/saptel.pl\/index.php\/wp-json\/wp\/v2\/media?parent=163"}],"wp:term":[{"taxonomy":"category","embeddable":true,"href":"https:\/\/saptel.pl\/index.php\/wp-json\/wp\/v2\/categories?post=163"},{"taxonomy":"post_tag","embeddable":true,"href":"https:\/\/saptel.pl\/index.php\/wp-json\/wp\/v2\/tags?post=163"}],"curies":[{"name":"wp","href":"https:\/\/api.w.org\/{rel}","templated":true}]}}