{"id":15,"date":"2016-05-18T19:42:01","date_gmt":"2016-05-18T17:42:01","guid":{"rendered":"http:\/\/saptel.eu\/?page_id=15"},"modified":"2021-04-03T21:26:45","modified_gmt":"2021-04-03T19:26:45","slug":"oferta","status":"publish","type":"page","link":"https:\/\/saptel.pl\/index.php\/oferta\/","title":{"rendered":"Oferta"},"content":{"rendered":"<table style=\"width: 561px; border-color: #ffffff; height: 194px;\">\n<tbody>\n<tr style=\"height: 10px;\">\n<td style=\"width: 109px; height: 10px; border-color: #ffffff;\"><a href=\"http:\/\/saptel.eu\/index.php\/centrale-telefoniczne\/\"><img loading=\"lazy\" decoding=\"async\" class=\"aligncenter wp-image-41 size-column4-1\/3\" src=\"https:\/\/saptel.pl\/wp-content\/uploads\/2016\/05\/IP-PBX-240x80.jpg\" alt=\"IP-PBX\" width=\"240\" height=\"80\" srcset=\"https:\/\/saptel.pl\/wp-content\/uploads\/2016\/05\/IP-PBX-240x80.jpg 240w, https:\/\/saptel.pl\/wp-content\/uploads\/2016\/05\/IP-PBX-480x160.jpg 480w, https:\/\/saptel.pl\/wp-content\/uploads\/2016\/05\/IP-PBX-320x107.jpg 320w\" sizes=\"(max-width: 240px) 100vw, 240px\" \/><\/a><\/td>\n<td style=\"width: 436px; height: 10px; border-color: #ffffff; text-align: left; vertical-align: middle;\"><a href=\"https:\/\/saptel.pl\/index.php\/centrale-telefoniczne\"><span style=\"font-size: 20px;\"><strong>Centrale Telefoniczne<\/strong><\/span><\/a><\/td>\n<\/tr>\n<tr style=\"height: 10px;\">\n<td style=\"width: 109px; height: 10px; border-color: #ffffff; vertical-align: middle;\"><a href=\"http:\/\/saptel.eu\/index.php\/voip\/\"><img loading=\"lazy\" decoding=\"async\" class=\"alignnone wp-image-44 size-column4-1\/3\" src=\"https:\/\/saptel.pl\/wp-content\/uploads\/2016\/05\/VoIP-240x80.jpg\" alt=\"VoIP\" width=\"240\" height=\"80\" srcset=\"https:\/\/saptel.pl\/wp-content\/uploads\/2016\/05\/VoIP-240x80.jpg 240w, https:\/\/saptel.pl\/wp-content\/uploads\/2016\/05\/VoIP-480x160.jpg 480w, https:\/\/saptel.pl\/wp-content\/uploads\/2016\/05\/VoIP-320x107.jpg 320w\" sizes=\"(max-width: 240px) 100vw, 240px\" \/><\/a><\/td>\n<td style=\"width: 436px; height: 10px; border-color: #ffffff; text-align: left; vertical-align: middle;\"><strong>\u00a0<a href=\"http:\/\/saptel.pl\/index.php\/voip\/\"><span style=\"font-size: 20px;\">VoIP<\/span><\/a><\/strong><\/td>\n<\/tr>\n<tr style=\"height: 10px;\">\n<td style=\"width: 109px; height: 10px; border-color: #ffffff; text-align: left;\"><a href=\"http:\/\/saptel.eu\/index.php\/sieci-strukturalne\/\"><img loading=\"lazy\" decoding=\"async\" class=\"alignnone wp-image-42 size-column4-1\/3\" src=\"https:\/\/saptel.pl\/wp-content\/uploads\/2016\/05\/photo1-240x80.png\" alt=\"photo1\" width=\"240\" height=\"80\" srcset=\"https:\/\/saptel.pl\/wp-content\/uploads\/2016\/05\/photo1-240x80.png 240w, https:\/\/saptel.pl\/wp-content\/uploads\/2016\/05\/photo1-480x160.png 480w, https:\/\/saptel.pl\/wp-content\/uploads\/2016\/05\/photo1-320x107.png 320w\" sizes=\"(max-width: 240px) 100vw, 240px\" \/><\/a><\/td>\n<td style=\"width: 436px; height: 10px; border-color: #ffffff; text-align: left; vertical-align: middle;\"><strong>\u00a0<a href=\"http:\/\/saptel.pl\/index.php\/sieci-strukturalne\/\"><span style=\"font-size: 20px;\">Sieci Strukturalne, Pomiary Sieci<\/span><\/a><\/strong><\/td>\n<\/tr>\n<tr style=\"height: 50px;\">\n<td style=\"width: 109px; border-color: #ffffff; vertical-align: middle; height: 50px;\"><a href=\" http:\/\/saptel.eu\/index.php\/swiatlowody\/\"><img loading=\"lazy\" decoding=\"async\" class=\"alignnone wp-image-437 size-column4-1\/3\" src=\"https:\/\/saptel.pl\/wp-content\/uploads\/2018\/08\/\u015awiat\u0142owody-240x80.jpg\" alt=\"\" width=\"240\" height=\"80\" srcset=\"https:\/\/saptel.pl\/wp-content\/uploads\/2018\/08\/\u015awiat\u0142owody-240x80.jpg 240w, https:\/\/saptel.pl\/wp-content\/uploads\/2018\/08\/\u015awiat\u0142owody-480x160.jpg 480w, https:\/\/saptel.pl\/wp-content\/uploads\/2018\/08\/\u015awiat\u0142owody-320x107.jpg 320w\" sizes=\"(max-width: 240px) 100vw, 240px\" \/><\/a><\/td>\n<td style=\"width: 436px; border-color: #ffffff; text-align: left; vertical-align: middle; height: 50px;\"><a href=\"http:\/\/saptel.pl\/index.php\/swiatlowody\/\"><span style=\"font-size: 20px;\"><strong>\u015awiat\u0142owody<\/strong><\/span><\/a><\/td>\n<\/tr>\n<tr style=\"height: 10px;\">\n<td style=\"width: 109px; height: 10px; border-color: #ffffff;\"><a href=\"http:\/\/saptel.eu\/index.php\/uslugi-informatyczne\/\"><img loading=\"lazy\" decoding=\"async\" class=\"alignnone wp-image-50 size-column4-1\/3\" src=\"https:\/\/saptel.pl\/wp-content\/uploads\/2016\/05\/uslugiinformatyczne-240x80.jpg\" alt=\"uslugiinformatyczne\" width=\"240\" height=\"80\" srcset=\"https:\/\/saptel.pl\/wp-content\/uploads\/2016\/05\/uslugiinformatyczne-240x80.jpg 240w, https:\/\/saptel.pl\/wp-content\/uploads\/2016\/05\/uslugiinformatyczne-480x160.jpg 480w, https:\/\/saptel.pl\/wp-content\/uploads\/2016\/05\/uslugiinformatyczne-320x107.jpg 320w\" sizes=\"(max-width: 240px) 100vw, 240px\" \/><\/a><\/td>\n<td style=\"width: 436px; height: 10px; border-color: #ffffff; text-align: left; vertical-align: middle;\"><a href=\"http:\/\/saptel.pl\/index.php\/uslugi-informatyczne\/\"><span style=\"font-size: 20px;\"><strong>Us\u0142ugi Informatyczne<\/strong><\/span><\/a><\/td>\n<\/tr>\n<tr style=\"height: 10px;\">\n<td style=\"width: 109px; height: 10px; border-color: #ffffff; vertical-align: middle;\"><a href=\"http:\/\/saptel.eu\/index.php\/systemy-alarmowe-i-kontrola-dostepu\/\"><img loading=\"lazy\" decoding=\"async\" class=\"alignnone wp-image-45 size-column4-1\/3\" src=\"https:\/\/saptel.pl\/wp-content\/uploads\/2016\/05\/buglar-alarm1-240x80.png\" alt=\"buglar-alarm1\" width=\"240\" height=\"80\" srcset=\"https:\/\/saptel.pl\/wp-content\/uploads\/2016\/05\/buglar-alarm1-240x80.png 240w, https:\/\/saptel.pl\/wp-content\/uploads\/2016\/05\/buglar-alarm1-480x160.png 480w, https:\/\/saptel.pl\/wp-content\/uploads\/2016\/05\/buglar-alarm1-320x107.png 320w\" sizes=\"(max-width: 240px) 100vw, 240px\" \/><\/a><\/td>\n<td style=\"width: 436px; height: 10px; border-color: #ffffff; text-align: left; vertical-align: middle;\"><span style=\"font-size: 20px;\">\u00a0<a href=\"http:\/\/saptel.pl\/index.php\/systemy-alarmowe-i-kontrola-dostepu\/\"><strong>Systemy Alarmowe i Kontrola Dost\u0119pu<\/strong><\/a><\/span><\/td>\n<\/tr>\n<tr style=\"height: 10px;\">\n<td style=\"width: 109px; height: 10px; border-color: #ffffff;\"><a href=\"http:\/\/saptel.eu\/index.php\/telewizja-dozorowa\/\"><img loading=\"lazy\" decoding=\"async\" class=\"alignnone wp-image-46 size-column4-1\/3\" src=\"https:\/\/saptel.pl\/wp-content\/uploads\/2016\/05\/CCTV-240x80.jpg\" alt=\"CCTV\" width=\"240\" height=\"80\" srcset=\"https:\/\/saptel.pl\/wp-content\/uploads\/2016\/05\/CCTV-240x80.jpg 240w, https:\/\/saptel.pl\/wp-content\/uploads\/2016\/05\/CCTV-480x160.jpg 480w, https:\/\/saptel.pl\/wp-content\/uploads\/2016\/05\/CCTV-320x107.jpg 320w\" sizes=\"(max-width: 240px) 100vw, 240px\" \/><\/a><\/td>\n<td style=\"width: 436px; height: 10px; border-color: #ffffff; text-align: left; vertical-align: middle;\"><span style=\"font-size: 20px;\">\u00a0<a title=\"Monitoring Wizyjny\" href=\"https:\/\/saptel.pl\/index.php\/telewizja-dozorowa\/\"><strong>Monitoring Wizyjny<\/strong><\/a><\/span><\/td>\n<\/tr>\n<tr style=\"height: 10px;\">\n<td style=\"width: 109px; height: 10px; border-color: #ffffff; vertical-align: middle;\"><strong><a href=\"http:\/\/saptel.eu\/index.php\/domofony-i-videodomofony\/\"><img loading=\"lazy\" decoding=\"async\" class=\"alignnone wp-image-47 size-column4-1\/3\" src=\"https:\/\/saptel.pl\/wp-content\/uploads\/2016\/05\/slider2_profer_domofon-240x80.jpg\" alt=\"slider2_profer_domofon\" width=\"240\" height=\"80\" srcset=\"https:\/\/saptel.pl\/wp-content\/uploads\/2016\/05\/slider2_profer_domofon-240x80.jpg 240w, https:\/\/saptel.pl\/wp-content\/uploads\/2016\/05\/slider2_profer_domofon-480x160.jpg 480w, https:\/\/saptel.pl\/wp-content\/uploads\/2016\/05\/slider2_profer_domofon-320x107.jpg 320w\" sizes=\"(max-width: 240px) 100vw, 240px\" \/><\/a><\/strong><\/td>\n<td style=\"width: 436px; height: 10px; border-color: #ffffff; text-align: left; vertical-align: middle;\"><span style=\"font-size: 20px;\"><strong>\u00a0<a href=\"http:\/\/saptel.pl\/index.php\/domofony-i-videodomofony\/\">Domofony\/Videodomofony<\/a><\/strong><\/span><\/td>\n<\/tr>\n<tr style=\"height: 10px;\">\n<td style=\"width: 109px; height: 10px; border-color: #ffffff; vertical-align: middle;\"><a href=\"http:\/\/saptel.eu\/index.php\/instalacje-antenowe\/\"><img loading=\"lazy\" decoding=\"async\" class=\"alignnone wp-image-48 size-column4-1\/3\" src=\"https:\/\/saptel.pl\/wp-content\/uploads\/2016\/05\/Ikusi-240x80.jpg\" alt=\"Ikusi\" width=\"240\" height=\"80\" srcset=\"https:\/\/saptel.pl\/wp-content\/uploads\/2016\/05\/Ikusi-240x80.jpg 240w, https:\/\/saptel.pl\/wp-content\/uploads\/2016\/05\/Ikusi-480x160.jpg 480w, https:\/\/saptel.pl\/wp-content\/uploads\/2016\/05\/Ikusi-320x107.jpg 320w\" sizes=\"(max-width: 240px) 100vw, 240px\" \/><\/a><\/td>\n<td style=\"width: 436px; height: 10px; border-color: #ffffff; text-align: left; vertical-align: middle;\"><span style=\"font-size: 20px;\"><strong>\u00a0<a href=\"http:\/\/saptel.pl\/index.php\/instalacje-antenowe\/\">Instalacje Antenowe SAT i DVBT<\/a><\/strong><\/span><\/td>\n<\/tr>\n<tr style=\"height: 10px;\">\n<td style=\"width: 109px; height: 10px; border-color: #ffffff;\"><a href=\"http:\/\/saptel.eu\/index.php\/instalacje-av\/\"><img loading=\"lazy\" decoding=\"async\" class=\"alignnone wp-image-49 size-column4-1\/3\" src=\"https:\/\/saptel.pl\/wp-content\/uploads\/2016\/05\/AV-240x80.jpg\" alt=\"AV\" width=\"240\" height=\"80\" srcset=\"https:\/\/saptel.pl\/wp-content\/uploads\/2016\/05\/AV-240x80.jpg 240w, https:\/\/saptel.pl\/wp-content\/uploads\/2016\/05\/AV-320x107.jpg 320w\" sizes=\"(max-width: 240px) 100vw, 240px\" \/><\/a><\/td>\n<td style=\"width: 436px; height: 10px; border-color: #ffffff; text-align: left; vertical-align: middle;\"><span style=\"font-size: 20px;\"><strong>\u00a0<a href=\"http:\/\/saptel.pl\/index.php\/instalacje-av\/\">Instalacje Nag\u0142o\u015bnieniowe i AV<\/a><\/strong><\/span><\/td>\n<\/tr>\n<tr style=\"height: 10px;\">\n<td style=\"width: 109px; height: 10px; border-color: #ffffff; vertical-align: middle;\"><a href=\"http:\/\/saptel.eu\/index.php\/automatyka-budynkowa\/\"><img loading=\"lazy\" decoding=\"async\" class=\"alignnone wp-image-179 size-column4-1\/3\" src=\"https:\/\/saptel.pl\/wp-content\/uploads\/2016\/05\/automatyka-budynkowa-240x80.jpg\" alt=\"\" width=\"240\" height=\"80\" \/><\/a><\/td>\n<td style=\"width: 436px; height: 10px; border-color: #ffffff; text-align: left; vertical-align: middle;\"><span style=\"font-size: 20px;\"><a href=\"http:\/\/saptel.pl\/index.php\/automatyka-budynkowa\/\"><strong>Automatyka Budynkowa<\/strong><\/a><\/span><\/td>\n<\/tr>\n<tr style=\"height: 10px;\">\n<td style=\"width: 109px; height: 10px; border-color: #ffffff; vertical-align: middle;\"><img loading=\"lazy\" decoding=\"async\" class=\"alignnone wp-image-52 size-full\" src=\"https:\/\/saptel.pl\/wp-content\/uploads\/2016\/05\/Elektryka.jpg\" alt=\"\" width=\"275\" height=\"183\" srcset=\"https:\/\/saptel.pl\/wp-content\/uploads\/2016\/05\/Elektryka.jpg 275w, https:\/\/saptel.pl\/wp-content\/uploads\/2016\/05\/Elektryka-240x160.jpg 240w\" sizes=\"(max-width: 275px) 100vw, 275px\" \/><\/td>\n<td style=\"width: 436px; height: 10px; border-color: #ffffff; text-align: left; vertical-align: middle;\"><span style=\"font-size: 20px;\"><strong><a href=\"http:\/\/saptel.pl\/index.php\/instalacje-elektryzne\/\">Instalacje Elektryczne<\/a><\/strong><\/span><\/td>\n<\/tr>\n<tr style=\"height: 10px;\">\n<td style=\"width: 109px; height: 10px; border-color: #ffffff; vertical-align: middle;\"><a href=\"http:\/\/saptel.eu\/index.php\/wspolpraca-serwisowa\/\"><img loading=\"lazy\" decoding=\"async\" class=\"alignnone wp-image-53 size-column4-1\/3\" src=\"https:\/\/saptel.pl\/wp-content\/uploads\/2016\/05\/serwis_01-240x80.jpg\" alt=\"Three 3d people with the tools in the hands of. 3d image. Isolated white background.\" width=\"240\" height=\"80\" srcset=\"https:\/\/saptel.pl\/wp-content\/uploads\/2016\/05\/serwis_01-240x80.jpg 240w, https:\/\/saptel.pl\/wp-content\/uploads\/2016\/05\/serwis_01-480x160.jpg 480w, https:\/\/saptel.pl\/wp-content\/uploads\/2016\/05\/serwis_01-320x107.jpg 320w\" sizes=\"(max-width: 240px) 100vw, 240px\" \/><\/a><\/td>\n<td style=\"width: 436px; height: 10px; border-color: #ffffff; text-align: left; vertical-align: middle;\"><a href=\"http:\/\/saptel.pl\/index.php\/wspolpraca-serwisowa\/\"><span style=\"font-size: 20px;\"><strong>Wsp\u00f3\u0142praca Serwisowa<\/strong><\/span><\/a><\/td>\n<\/tr>\n<tr style=\"height: 24px;\">\n<td style=\"width: 109px; border-color: #ffffff; vertical-align: middle; height: 24px;\"><\/td>\n<td style=\"width: 436px; border-color: #ffffff; text-align: left; vertical-align: middle; height: 24px;\"><\/td>\n<\/tr>\n<\/tbody>\n<\/table>\n<p style=\"text-align: left;\">\n","protected":false},"excerpt":{"rendered":"<p>Centrale Telefoniczne \u00a0VoIP \u00a0Sieci Strukturalne, Pomiary Sieci \u015awiat\u0142owody Us\u0142ugi Informatyczne \u00a0Systemy Alarmowe i Kontrola Dost\u0119pu \u00a0Monitoring Wizyjny \u00a0Domofony\/Videodomofony \u00a0Instalacje Antenowe SAT i DVBT \u00a0Instalacje Nag\u0142o\u015bnieniowe i AV Automatyka Budynkowa Instalacje Elektryczne Wsp\u00f3\u0142praca Serwisowa<\/p>\n","protected":false},"author":1,"featured_media":0,"parent":0,"menu_order":0,"comment_status":"closed","ping_status":"closed","template":"","meta":{"footnotes":""},"categories":[],"tags":[],"aioseo_notices":[],"_links":{"self":[{"href":"https:\/\/saptel.pl\/index.php\/wp-json\/wp\/v2\/pages\/15"}],"collection":[{"href":"https:\/\/saptel.pl\/index.php\/wp-json\/wp\/v2\/pages"}],"about":[{"href":"https:\/\/saptel.pl\/index.php\/wp-json\/wp\/v2\/types\/page"}],"author":[{"embeddable":true,"href":"https:\/\/saptel.pl\/index.php\/wp-json\/wp\/v2\/users\/1"}],"replies":[{"embeddable":true,"href":"https:\/\/saptel.pl\/index.php\/wp-json\/wp\/v2\/comments?post=15"}],"version-history":[{"count":51,"href":"https:\/\/saptel.pl\/index.php\/wp-json\/wp\/v2\/pages\/15\/revisions"}],"predecessor-version":[{"id":854,"href":"https:\/\/saptel.pl\/index.php\/wp-json\/wp\/v2\/pages\/15\/revisions\/854"}],"wp:attachment":[{"href":"https:\/\/saptel.pl\/index.php\/wp-json\/wp\/v2\/media?parent=15"}],"wp:term":[{"taxonomy":"category","embeddable":true,"href":"https:\/\/saptel.pl\/index.php\/wp-json\/wp\/v2\/categories?post=15"},{"taxonomy":"post_tag","embeddable":true,"href":"https:\/\/saptel.pl\/index.php\/wp-json\/wp\/v2\/tags?post=15"}],"curies":[{"name":"wp","href":"https:\/\/api.w.org\/{rel}","templated":true}]}}